{"id":5477,"date":"2024-11-19T22:02:47","date_gmt":"2024-11-20T06:02:47","guid":{"rendered":"https:\/\/arbiosbiotech.com\/economia-circular-y-ciclo-del-carbono\/"},"modified":"2025-04-02T17:07:01","modified_gmt":"2025-04-03T00:07:01","slug":"economia-circular-y-ciclo-del-carbono","status":"publish","type":"page","link":"https:\/\/arbiosbiotech.com\/es\/sostenibilidad\/economia-circular-y-ciclo-del-carbono\/","title":{"rendered":"Econom\u00eda circular y ciclo del carbono"},"content":{"rendered":"\n    <header style=\"max-width: none !important;\" class=\"wp-block-jormi-blocks-hero relative z-[1] max-w-none overflow-hidden hero-minimal alignfull wp-block-jormi-blocks-hero has-text-color has-white-color has-background has-dark-background-color\">\n        <div class=\"container pt-hh relative z-[2] min-h-[80vh] flex items-end\">\n            <div class=\"max-w-lg pt-8 pb-8\">\n                \n<div class=\"wp-block-group is-vertical is-layout-flex wp-container-core-group-is-layout-46ad5e2c wp-block-group-is-layout-flex\">\n<h1 class=\"wp-block-heading has-4-xl-font-size hide-me fade-me move-me-up quicker\" style=\"font-style:normal;font-weight:400\">Innovar para la sostenibilidad<\/h1>\n\n\n\n<div class=\"wp-block-group max-w-md is-layout-flow wp-container-core-group-is-layout-2915da19 wp-block-group-is-layout-flow\">\n<p class=\"has-lg-font-size\">La econom\u00eda circular empieza aqu\u00ed<\/p>\n\n\n\n<p class=\"\">Imagina un mundo en el que los residuos se conviertan en un recurso valioso. Nuestro enfoque revolucionario est\u00e1 impulsando activamente posibilidades sostenibles y fomentando el crecimiento econ\u00f3mico en un futuro m\u00e1s limpio y sin residuos.<\/p>\n<\/div>\n<\/div>\n            <\/div>\n        <\/div>\n                    <div class=\"absolute top-0 left-0 w-full h-1\/4 opacity-50 bg-gradient-to-b from-black via-40% via-black\/80 to-black\/0 z-[1]\"><\/div>\n            <div class=\"absolute bottom-0 left-0 w-full h-3\/4 lg:h-1\/2 bg-gradient-to-t from-black via-60% via-black\/80 to-black\/0 z-[1]\"><\/div>\n            <img decoding=\"async\" src=\"https:\/\/spcdn.shortpixel.ai\/spio\/ret_img,q_cdnize,to_webp,s_webp\/arbiosbiotech.com\/wp-content\/uploads\/AdobeStock_1094449689-scaled.jpeg\" alt=\"Impressive structure on the Greenlandic ice cap during overnight expedition. Waves out of blue ice.\" style=\"object-position:  \" class=\"no-lazy w-full h-full object-cover object-center z-[0] absolute top-0 left-0\">\n            <\/header>\n\n\n\n<section class=\"wp-block-group alignfull is-group-section has-white-color has-black-background-color has-text-color has-background has-link-color wp-elements-a44baa7648066fe352e74ee16da35375 is-layout-flow wp-block-group-is-layout-flow\" style=\"margin-top:0;margin-right:0;margin-bottom:0;margin-left:0;padding-top:0;padding-right:0;padding-bottom:var(--wp--preset--spacing--8);padding-left:0\">\n<div class=\"wp-block-group alignwide is-group-container aligncenter container is-layout-flow wp-block-group-is-layout-flow\" style=\"margin-top:0;margin-right:auto;margin-bottom:0;margin-left:auto;padding-top:0;padding-right:var(--wp--custom--container-padding);padding-bottom:0;padding-left:var(--wp--custom--container-padding)\">\n<div class=\"relative wp-block-jormi-blocks-immersive-section\" data-variant=\"circular\">\n\n    \n        <div class=\"timeline row pt-7 md:pt-8 lg:pt-9\">\n            <div class=\"timeline-photo relative hidden md:block col md:w-5\/12 pt-11\">\n                                    <div class=\"md:min-h-[75vh] timeline-element\">\n                                                <div class=\"timeline-photo timeline-photo\">\n                            <figure class=\"rounded-full overflow-hidden ring-blue-900 ring-[1.25rem] lg:ring-[2rem] relative z-[1] w-[90%] h-auto mx-auto aspect-square\">\n                                <img decoding=\"async\" src=\"\" class=\"w-full h-full object-cover object-center relative z-[0]\" alt=\"\" \/>\n                                <div class=\"opacity-60 absolute w-1\/2 h-full z-[1] top-0 right-0 bg-gradient-to-l from-black via-black\/70 to-black\/0\"><\/div>\n                            <\/figure>\n                        <\/div>\n                    <\/div>\n                                                        <div class=\"md:min-h-[75vh] timeline-element\">\n                                                <div class=\"timeline-photo timeline-photo1\">\n                            <figure class=\"rounded-full overflow-hidden ring-blue-900 ring-[1.25rem] lg:ring-[2rem] relative z-[1] w-[90%] h-auto mx-auto aspect-square\">\n                                <img decoding=\"async\" src=\"https:\/\/spcdn.shortpixel.ai\/spio\/ret_img,q_cdnize,to_webp,s_webp\/arbiosbiotech.com\/wp-content\/uploads\/ArbiosBiotech-66-35-1-500x500.jpg\" class=\"w-full h-full object-cover object-center relative z-[0]\" alt=\"\" \/>\n                                <div class=\"opacity-60 absolute w-1\/2 h-full z-[1] top-0 right-0 bg-gradient-to-l from-black via-black\/70 to-black\/0\"><\/div>\n                            <\/figure>\n                        <\/div>\n                    <\/div>\n                                                        <div class=\"md:min-h-[75vh] timeline-element\">\n                                                <div class=\"timeline-photo timeline-photo2\">\n                            <figure class=\"rounded-full overflow-hidden ring-blue-900 ring-[1.25rem] lg:ring-[2rem] relative z-[1] w-[90%] h-auto mx-auto aspect-square\">\n                                <img decoding=\"async\" src=\"https:\/\/spcdn.shortpixel.ai\/spio\/ret_img,q_cdnize,to_webp,s_webp\/arbiosbiotech.com\/wp-content\/uploads\/alexander-mils-mKYBEkbZJTI-unsplash-750x750.jpg\" class=\"w-full h-full object-cover object-center relative z-[0]\" alt=\"\" \/>\n                                <div class=\"opacity-60 absolute w-1\/2 h-full z-[1] top-0 right-0 bg-gradient-to-l from-black via-black\/70 to-black\/0\"><\/div>\n                            <\/figure>\n                        <\/div>\n                    <\/div>\n                                                        <div class=\"md:min-h-[75vh] timeline-element\">\n                                                <div class=\"timeline-photo timeline-photo3\">\n                            <figure class=\"rounded-full overflow-hidden ring-blue-900 ring-[1.25rem] lg:ring-[2rem] relative z-[1] w-[90%] h-auto mx-auto aspect-square\">\n                                <img decoding=\"async\" src=\"https:\/\/spcdn.shortpixel.ai\/spio\/ret_img,q_cdnize,to_webp,s_webp\/arbiosbiotech.com\/wp-content\/uploads\/george-c-woFRHs7iP_o-unsplash-500x500.jpg\" class=\"w-full h-full object-cover object-center relative z-[0]\" alt=\"\" \/>\n                                <div class=\"opacity-60 absolute w-1\/2 h-full z-[1] top-0 right-0 bg-gradient-to-l from-black via-black\/70 to-black\/0\"><\/div>\n                            <\/figure>\n                        <\/div>\n                    <\/div>\n                                                    <div class=\"bg-yellow w-[1px] h-full absolute top-0 left-1\/2 -translate-x-1\/2 z-[0]\"><\/div>\n            <\/div>\n            <div class=\"timeline-content_container col md:w-6\/12 md:pr-5 lg:pr-7 flex flex-col gap-6 lg:gap-0 relative z-[2]\">\n                                                                        <div class=\"timeline-content timeline-content1 md:min-h-[75vh] timeline-element pt-9 lg:pt-12\">\n                        <div class=\"flex flex-col justify-center\">\n                            <figure class=\"rounded-full overflow-hidden ring-blue-900 ring-[1.25rem] lg:ring-[2rem] relative z-[1] w-1\/2 h-auto mx-auto aspect-square rounded md:hidden\">\n                                <img decoding=\"async\" src=\"\" class=\"timeline-photo1 w-full h-full object-cover object-center relative z-[0]\" alt=\"\" \/>\n                            <\/figure>\n                            <h3 class=\"!mt-8 lg:-ml-9 !mb-6\">\n                                Aprovechar recursos sin explotar para un futuro m\u00e1s limpio                            <\/h3>\n                            <div class=\"lg:pl-6\">\n                                \n<p class=\"\">Capturamos biomasa residual destinada a vertederos, incineraci\u00f3n o descomposici\u00f3n. Al hacerlo, evitamos las emisiones de GEI asociadas y desbloqueamos el potencial de estos recursos de carbono. Nuestro proceso transforma esta biomasa ignorada en un biointermedio vers\u00e1til, contribuyendo activamente a la descarbonizaci\u00f3n de nuestra econom\u00eda.<\/p>\n                            <\/div>\n                        <\/div>\n                    <\/div>\n                                                                            <div class=\"timeline-content timeline-content2 md:min-h-[75vh] timeline-element pt-9 lg:pt-12\">\n                        <div class=\"flex flex-col justify-center\">\n                            <figure class=\"rounded-full overflow-hidden ring-blue-900 ring-[1.25rem] lg:ring-[2rem] relative z-[1] w-1\/2 h-auto mx-auto aspect-square rounded md:hidden\">\n                                <img decoding=\"async\" src=\"https:\/\/spcdn.shortpixel.ai\/spio\/ret_img,q_cdnize,to_webp,s_webp\/arbiosbiotech.com\/wp-content\/uploads\/ArbiosBiotech-66-35-1-500x500.jpg\" class=\"timeline-photo1 w-full h-full object-cover object-center relative z-[0]\" alt=\"\" \/>\n                            <\/figure>\n                            <h3 class=\"!mt-8 lg:-ml-9 !mb-6\">\n                                Tecnolog\u00eda HTL para un futuro con cero emisiones netas                            <\/h3>\n                            <div class=\"lg:pl-6\">\n                                \n<p class=\"\">Nuestro proceso de licuefacci\u00f3n hidrotermal (HTL) transforma la biomasa infrautilizada en bioaceite avanzado, un intermediario vers\u00e1til para biocombustibles y bioqu\u00edmicos. Este enfoque innovador permite la producci\u00f3n de biocombustibles renovables con bajas emisiones de carbono, lo que nos impulsa hacia nuestra visi\u00f3n de cero emisiones netas y nuestros objetivos globales de reducci\u00f3n de emisiones.<\/p>\n                            <\/div>\n                        <\/div>\n                    <\/div>\n                                                                            <div class=\"timeline-content timeline-content3 md:min-h-[75vh] timeline-element pt-9 lg:pt-12\">\n                        <div class=\"flex flex-col justify-center\">\n                            <figure class=\"rounded-full overflow-hidden ring-blue-900 ring-[1.25rem] lg:ring-[2rem] relative z-[1] w-1\/2 h-auto mx-auto aspect-square rounded md:hidden\">\n                                <img decoding=\"async\" src=\"https:\/\/spcdn.shortpixel.ai\/spio\/ret_img,q_cdnize,to_webp,s_webp\/arbiosbiotech.com\/wp-content\/uploads\/alexander-mils-mKYBEkbZJTI-unsplash-750x750.jpg\" class=\"timeline-photo1 w-full h-full object-cover object-center relative z-[0]\" alt=\"\" \/>\n                            <\/figure>\n                            <h3 class=\"!mt-8 lg:-ml-9 !mb-6\">\n                                Impulsar sectores dif\u00edciles de mitigar con la infraestructura existente                            <\/h3>\n                            <div class=\"lg:pl-6\">\n                                \n<p class=\"\">Nuestro bioaceite puede procesarse en las operaciones de refiner\u00eda y los sistemas de combustible para el transporte existentes, ofreciendo una menor huella de carbono en toda la cadena de valor. Esta compatibilidad con la infraestructura actual permite la adopci\u00f3n inmediata en la aviaci\u00f3n, la fabricaci\u00f3n de productos qu\u00edmicos y otros sectores dif\u00edciles de descarbonizar.<\/p>\n                            <\/div>\n                        <\/div>\n                    <\/div>\n                                                                            <div class=\"timeline-content timeline-content4 md:min-h-[75vh] timeline-element pt-9 lg:pt-12\">\n                        <div class=\"flex flex-col justify-center\">\n                            <figure class=\"rounded-full overflow-hidden ring-blue-900 ring-[1.25rem] lg:ring-[2rem] relative z-[1] w-1\/2 h-auto mx-auto aspect-square rounded md:hidden\">\n                                <img decoding=\"async\" src=\"https:\/\/spcdn.shortpixel.ai\/spio\/ret_img,q_cdnize,to_webp,s_webp\/arbiosbiotech.com\/wp-content\/uploads\/george-c-woFRHs7iP_o-unsplash-500x500.jpg\" class=\"timeline-photo1 w-full h-full object-cover object-center relative z-[0]\" alt=\"\" \/>\n                            <\/figure>\n                            <h3 class=\"!mt-8 lg:-ml-9 !mb-6\">\n                                Aprovechar el ciclo del carbono de la naturaleza: prevenir la emisi\u00f3n adicional de carbono atmosf\u00e9rico                            <\/h3>\n                            <div class=\"lg:pl-6\">\n                                \n<p class=\"\">Utilizamos residuos de biomasa renovable que ya han capturado carbono a trav\u00e9s del crecimiento natural, ayudando a evitar emisiones adicionales de carbono f\u00f3sil al tiempo que promovemos una gesti\u00f3n responsable de los recursos.<\/p>\n                            <\/div>\n                        <\/div>\n                    <\/div>\n                                                <\/div>\n        <\/div>\n\n    \n<\/div><\/div>\n<\/section>\n\n\n\n<section class=\"wp-block-group alignfull is-group-section has-dark-background-color has-background is-layout-flow wp-block-group-is-layout-flow\" style=\"margin-top:0;margin-right:0;margin-bottom:0;margin-left:0;padding-top:0;padding-right:0;padding-bottom:0;padding-left:0\"><\/section>\n\n\n\n<section class=\"wp-block-group alignfull is-group-section is-style-gradient has-white-color has-text-color has-link-color wp-elements-0a5499df982440b04212e24364f1fe86 is-layout-flow wp-block-group-is-layout-flow has-background\" style=\"margin-top:0;margin-right:0;margin-bottom:0;margin-left:0;padding-top:var(--wp--preset--spacing--10);padding-right:0;padding-bottom:var(--wp--preset--spacing--10);padding-left:0;background-image:url(&apos;http:\/\/arbiosbiotech.com\/wp-content\/uploads\/IMG_0006-scaled.jpg&apos;);background-size:cover;\">\n<div class=\"wp-block-group alignwide is-group-container aligncenter container is-layout-flow wp-block-group-is-layout-flow\" style=\"margin-top:0;margin-right:auto;margin-bottom:0;margin-left:auto;padding-top:0;padding-right:var(--wp--custom--container-padding);padding-bottom:0;padding-left:var(--wp--custom--container-padding)\">\n<div class=\"wp-block-group max-w-lg is-layout-flow wp-block-group-is-layout-flow\">\n<h3 class=\"wp-block-heading has-text-align-left\">Iniciativa CICE SAF<\/h3>\n\n\n\n<p class=\"\">Esta asociaci\u00f3n visionaria, guiada por el liderazgo ind\u00edgena, est\u00e1 explorando nuevas fronteras en materia de energ\u00eda sostenible, dando un poderoso ejemplo de cooperaci\u00f3n entre la industria y la comunidad en la transici\u00f3n hacia un futuro m\u00e1s ecol\u00f3gico. La Primera Naci\u00f3n Lheidli T&#8217;enneh lidera la utilizaci\u00f3n responsable de los recursos forestales, encabezando una colaboraci\u00f3n pionera con Arbios, Canfor y LTN Contracting.<\/p>\n\n\n\n<div class=\"wp-block-buttons is-layout-flex wp-block-buttons-is-layout-flex\">\n<div class=\"wp-block-button is-style-default\"><a class=\"wp-block-button__link has-dark-color has-white-background-color has-text-color has-background wp-element-button\" href=\"https:\/\/arbiosbiotech.com\/es\/gente-y-comunidad\/relaciones-indigenas\/#cice\">Saber m\u00e1s<\/a><\/div>\n<\/div>\n<\/div>\n<\/div>\n<\/section>\n\n\n\n<section class=\"wp-block-group alignfull is-group-section is-layout-flow wp-block-group-is-layout-flow\" style=\"margin-top:0;margin-right:0;margin-bottom:0;margin-left:0;padding-top:var(--wp--preset--spacing--9);padding-right:0;padding-bottom:var(--wp--preset--spacing--9);padding-left:0\">\n<div class=\"wp-block-group alignwide is-group-container aligncenter container is-layout-flow wp-container-core-group-is-layout-28881ab8 wp-block-group-is-layout-flow\" style=\"margin-top:0;margin-right:auto;margin-bottom:0;margin-left:auto;padding-top:0;padding-right:var(--wp--custom--container-padding);padding-bottom:0;padding-left:var(--wp--custom--container-padding)\">\n<div class=\"wp-block-media-text has-media-on-the-right is-stacked-on-mobile is-image-fill-element\"><div class=\"wp-block-media-text__content\">\n<h2 class=\"wp-block-heading\">\u00bfQu\u00e9 es la econom\u00eda circular?<\/h2>\n\n\n\n<p class=\"\">Nuestro modelo de econom\u00eda circular maximiza la eficiencia de los recursos sustituyendo los sistemas tradicionales de \u00abtomar-hacer-desechar\u00bb por pr\u00e1cticas regenerativas. Mediante iniciativas de reutilizaci\u00f3n y reciclaje, transformamos los residuos en materiales valiosos, impulsando la innovaci\u00f3n y el crecimiento empresarial sostenible.<\/p>\n\n\n\n<div class=\"wp-block-buttons is-layout-flex wp-block-buttons-is-layout-flex\">\n<div class=\"wp-block-button is-style-default\"><a class=\"wp-block-button__link wp-element-button\" href=\"https:\/\/arbiosbiotech.com\/es\/sostenibilidad\/economia-circular-y-ciclo-del-carbono\/\">Nuestros objetivos<\/a><\/div>\n\n\n\n<div class=\"wp-block-button has-custom-font-size is-small-button is-style-link is-style-link--1\" style=\"font-size:clamp(0.875rem, 0.875rem + ((1vw - 0.2rem) * 0.161), 1rem);line-height:var(--wp--custom--line-height-base)\"><a class=\"wp-block-button__link wp-element-button\" href=\"https:\/\/arbiosbiotech.com\/es\/gente-y-comunidad\/\" style=\"border-radius:var(--wp--custom--border-radius-full);padding-top:1rem;padding-right:2rem;padding-bottom:1rem;padding-left:2rem\">C\u00f3mo influimos en nuestra comunidad<\/a><\/div>\n<\/div>\n<\/div><figure class=\"wp-block-media-text__media\"><img decoding=\"async\" width=\"1799\" height=\"1200\" src=\"http:\/\/arbiosbiotech.com\/wp-content\/uploads\/ArbiosBiotech-57.jpg\" alt=\"\" class=\"wp-image-3408 size-full\" style=\"object-position:50% 50%\" srcset=\"https:\/\/arbiosbiotech.com\/wp-content\/uploads\/ArbiosBiotech-57.jpg 1799w, https:\/\/arbiosbiotech.com\/wp-content\/uploads\/ArbiosBiotech-57-1024x683.jpg 1024w, https:\/\/arbiosbiotech.com\/wp-content\/uploads\/ArbiosBiotech-57-768x512.jpg 768w, https:\/\/arbiosbiotech.com\/wp-content\/uploads\/ArbiosBiotech-57-1536x1025.jpg 1536w\" sizes=\"(max-width: 1799px) 100vw, 1799px\" \/><\/figure><\/div>\n\n\n\n<div class=\"wp-block-media-text is-stacked-on-mobile is-image-fill-element\"><figure class=\"wp-block-media-text__media\"><img decoding=\"async\" width=\"683\" height=\"1024\" src=\"https:\/\/arbiosbiotech.com\/wp-content\/uploads\/ArbiosBiotech-66-32-683x1024.jpg\" alt=\"\" class=\"wp-image-3449 size-medium\" style=\"object-position:50% 50%\" srcset=\"https:\/\/arbiosbiotech.com\/wp-content\/uploads\/ArbiosBiotech-66-32-683x1024.jpg 683w, https:\/\/arbiosbiotech.com\/wp-content\/uploads\/ArbiosBiotech-66-32-768x1151.jpg 768w, https:\/\/arbiosbiotech.com\/wp-content\/uploads\/ArbiosBiotech-66-32-1025x1536.jpg 1025w, https:\/\/arbiosbiotech.com\/wp-content\/uploads\/ArbiosBiotech-66-32.jpg 1200w\" sizes=\"(max-width: 683px) 100vw, 683px\" \/><\/figure><div class=\"wp-block-media-text__content\">\n<h2 class=\"wp-block-heading\">Ay\u00fadanos a tener un impacto positivo<\/h2>\n\n\n\n<p class=\"\">\u00bfPreparado para marcar la diferencia? \u00danete a nuestro equipo y forma parte de la creaci\u00f3n de un futuro m\u00e1s sostenible. Echa un vistazo a nuestras oportunidades profesionales y descubre c\u00f3mo puedes contribuir a transformar los residuos en recursos valiosos, impulsando al mismo tiempo soluciones con bajas emisiones de carbono.<\/p>\n\n\n\n<div class=\"wp-block-buttons is-layout-flex wp-block-buttons-is-layout-flex\">\n<div class=\"wp-block-button is-style-default\"><a class=\"wp-block-button__link wp-element-button\" href=\"https:\/\/arbiosbiotech.com\/es\/gente-y-comunidad\/empleo\/\">Empleo en Arbios<\/a><\/div>\n\n\n\n<div class=\"wp-block-button has-custom-font-size is-small-button is-style-link is-style-link--2\" style=\"font-size:clamp(0.875rem, 0.875rem + ((1vw - 0.2rem) * 0.161), 1rem);line-height:var(--wp--custom--line-height-base)\"><a class=\"wp-block-button__link wp-element-button\" href=\"https:\/\/arbiosbiotech.com\/es\/gente-y-comunidad\/\" style=\"border-radius:var(--wp--custom--border-radius-full);padding-top:1rem;padding-right:2rem;padding-bottom:1rem;padding-left:2rem\">Nuestra cultura<\/a><\/div>\n<\/div>\n<\/div><\/div>\n<\/div>\n<\/section>\n\n\n\n<section class=\"wp-block-group alignfull is-group-section is-style-gradient has-white-color has-text-color has-link-color wp-elements-5dd5d98ad76bdd1e787b634844561281 is-layout-flow wp-block-group-is-layout-flow has-background\" style=\"margin-top:0;margin-right:0;margin-bottom:0;margin-left:0;padding-top:var(--wp--preset--spacing--10);padding-right:0;padding-bottom:var(--wp--preset--spacing--10);padding-left:0;background-image:url(&apos;https:\/\/arbiosbiotech.com\/wp-content\/uploads\/AdobeStock_610246240-scaled.jpg&apos;);background-position:70% 33%;background-size:cover;\">\n<div class=\"wp-block-group alignwide is-group-container aligncenter container is-layout-flow wp-block-group-is-layout-flow\" style=\"margin-top:0;margin-right:auto;margin-bottom:0;margin-left:auto;padding-top:0;padding-right:var(--wp--custom--container-padding);padding-bottom:0;padding-left:var(--wp--custom--container-padding)\">\n<div class=\"wp-block-group max-w-md has-global-padding is-content-justification-left is-layout-constrained wp-container-core-group-is-layout-12dd3699 wp-block-group-is-layout-constrained\">\n<h2 class=\"wp-block-heading\">\u00bfTienes alguna pregunta o quieres compartir tu opini\u00f3n?<\/h2>\n\n\n\n<p class=\"\">Valoramos tu voz. Comparte con nosotros tus preguntas e inquietudes para contribuir a forjar el futuro de nuestra comunidad. Tu aportaci\u00f3n es importante en nuestro compromiso con la transparencia.<\/p>\n\n\n\n<div class=\"wp-block-buttons is-layout-flex wp-block-buttons-is-layout-flex\">\n<div class=\"wp-block-button is-style-default\"><a class=\"wp-block-button__link has-dark-color has-white-background-color has-text-color has-background has-border-color has-white-border-color wp-element-button\" href=\"https:\/\/arbiosbiotech.com\/es\/quienes-somos\/pregunta-a-arbios\/\">Pregunta a Arbios<\/a><\/div>\n<\/div>\n<\/div>\n<\/div>\n<\/section>\n","protected":false},"excerpt":{"rendered":"<p>Imagina un mundo en el que los residuos se conviertan en un recurso valioso. Nuestro enfoque revolucionario es activamente&#8230;<\/p>\n","protected":false},"author":2,"featured_media":0,"parent":5740,"menu_order":0,"comment_status":"closed","ping_status":"closed","template":"","meta":{"_acf_changed":false,"jormi_team_member_description":"","jormi_team_member_position":"","jormi_team_member_image_url":"https:\/\/arbiosbiotech.com\/wp-content\/themes\/jormi\/assets\/images\/sample_800x800.jpg","jormi_team_member_image_alt":"Photo Alt","jormi_event_description":"","header_tags":"","footer_tags":"","custom_email":"","custom_phone":"","faq_items":"","footnotes":""},"class_list":["post-5477","page","type-page","status-publish","hentry"],"acf":[],"_links":{"self":[{"href":"https:\/\/arbiosbiotech.com\/es\/wp-json\/wp\/v2\/pages\/5477","targetHints":{"allow":["GET"]}}],"collection":[{"href":"https:\/\/arbiosbiotech.com\/es\/wp-json\/wp\/v2\/pages"}],"about":[{"href":"https:\/\/arbiosbiotech.com\/es\/wp-json\/wp\/v2\/types\/page"}],"author":[{"embeddable":true,"href":"https:\/\/arbiosbiotech.com\/es\/wp-json\/wp\/v2\/users\/2"}],"replies":[{"embeddable":true,"href":"https:\/\/arbiosbiotech.com\/es\/wp-json\/wp\/v2\/comments?post=5477"}],"version-history":[{"count":0,"href":"https:\/\/arbiosbiotech.com\/es\/wp-json\/wp\/v2\/pages\/5477\/revisions"}],"up":[{"embeddable":true,"href":"https:\/\/arbiosbiotech.com\/es\/wp-json\/wp\/v2\/pages\/5740"}],"wp:attachment":[{"href":"https:\/\/arbiosbiotech.com\/es\/wp-json\/wp\/v2\/media?parent=5477"}],"curies":[{"name":"wp","href":"https:\/\/api.w.org\/{rel}","templated":true}]}}