{"id":5740,"date":"2024-10-29T18:18:43","date_gmt":"2024-10-30T01:18:43","guid":{"rendered":"https:\/\/arbiosbiotech.com\/sostenibilidad\/"},"modified":"2025-04-02T17:03:34","modified_gmt":"2025-04-03T00:03:34","slug":"sostenibilidad","status":"publish","type":"page","link":"https:\/\/arbiosbiotech.com\/es\/sostenibilidad\/","title":{"rendered":"Sostenibilidad"},"content":{"rendered":"\n<section class=\"wp-block-group alignfull is-group-section is-layout-flow wp-block-group-is-layout-flow\" style=\"margin-top:0;margin-right:0;margin-bottom:0;margin-left:0;padding-right:0;padding-left:0\">\n\n    <header style=\"max-width: none !important; background-color:#FFFFFF;\" class=\"wp-block-jormi-blocks-hero relative z-[1] max-w-none overflow-hidden hero-fullscreen h-screen alignfull wp-block-jormi-blocks-hero has-text-color has-white-color has-background\">\n                    <div class=\"absolute left-0 w-full h-full z-[0]\">\n                <div class=\"absolute top-0 left-0 w-full h-1\/4 opacity-50 bg-gradient-to-b from-black\/100 via-40% via-black\/80 to-black\/0 z-[2]\"><\/div>\n                <div class=\"absolute bottom-0 left-0 w-full h-3\/4 lg:h-1\/2 opacity-85 bg-gradient-to-t from-black via-50% via-black\/80 to-black\/0 z-[2]\"><\/div>\n                                    <img decoding=\"async\" src=\"https:\/\/spcdn.shortpixel.ai\/spio\/ret_img,q_cdnize,to_webp,s_webp\/arbiosbiotech.com\/wp-content\/uploads\/AdobeStock_117700241-scaled.jpeg\" alt=\"Sea underwater view. Beauty nature background\" style=\"object-position:  \" class=\"no-lazy w-full h-full object-cover object-center hide-me shrink-me slow\">\n                            <\/div>\n                <div class=\"relative z-[3] flex flex-col justify-end h-full mt-auto pt-hh text-white\n        pb-8 \">\n            <div class=\"container\">\n                                    <div class=\"max-w-xl\">\n                        \n<div class=\"wp-block-group is-vertical is-layout-flex wp-container-core-group-is-layout-4b827052 wp-block-group-is-layout-flex\">\n<h1 class=\"wp-block-heading has-4-xl-font-size hide-me fade-me move-me-up quicker\" style=\"font-style:normal;font-weight:400\">Redefinir los recursos: Liderando la revoluci\u00f3n de la bioeconom\u00eda<br><\/h1>\n\n\n\n<div class=\"wp-block-group max-w-md is-layout-flow wp-block-group-is-layout-flow\">\n<h5 class=\"wp-block-heading\">Liberar el potencial de la naturaleza para impulsar un ma\u00f1ana m\u00e1s limpio.<\/h5>\n\n\n\n<p class=\"\">Somos pioneros en soluciones pioneras que transforman la biomasa en un valioso biopetr\u00f3leo, impulsando la transici\u00f3n hacia un futuro sostenible y con bajas emisiones de carbono.<\/p>\n<\/div>\n\n\n\n<div class=\"wp-block-buttons is-content-justification-left is-layout-flex wp-container-core-buttons-is-layout-23745e62 wp-block-buttons-is-layout-flex\" style=\"margin-top:var(--wp--preset--spacing--7)\">\n<div class=\"wp-block-button is-style-default\"><a class=\"wp-block-button__link has-dark-color has-white-background-color has-text-color has-background wp-element-button\" href=\"https:\/\/arbiosbiotech.com\/sustainability\/environmental-leadership\/\">Sostenibilidad en acci\u00f3n<\/a><\/div>\n<\/div>\n<\/div>\n  \n                    <\/div>\n                            <\/div>\n                        \n        <\/div>\n\n    <\/header>\n\n<\/section>\n\n\n\n<div style=\"background-color: #F5F5F5; color:#000000;\" class=\"w-full !mt-0 max-w-0 alignfull wp-block-jormi-blocks-sub-navigation has-text-color has-background has-light-background-color\"    id=\"wp-block-jormi-blocks-sub-navigation-5ae8bff0-6388-46a9-b77e-fd7d4920d029\"\n    data-active-color=\"#48D150\" \n    data-default-color=\"#000000\"\n    >\n    <div class=\"container flex justify-between items-center gap-10 py-2 lg:py-3 w-full max-w-none overflow-x-auto\">\n        <div class=\"text-sm font-medium whitespace-nowrap\">\n                        <a href=\"https:\/\/arbiosbiotech.com\/es\/sostenibilidad\/\" class=\"text-black no-underline\">Sostenibilidad<\/a>\n        <\/div>\n                    <nav class=\"flex gap-6\">\n                                    <a\n                        href=\"#our-goals\"\n                        class=\"text-xs no-underline whitespace-nowrap py-3\"\n                                                    data-anchor=\"#our-goals\"\n                                                style=\"\n                            color: #000000                        \">\n                        Nuestros objetivos                    <\/a>\n                                    <a\n                        href=\"#indigenous\"\n                        class=\"text-xs no-underline whitespace-nowrap py-3\"\n                                                    data-anchor=\"#indigenous\"\n                                                style=\"\n                            color: #000000                        \">\n                        Relaciones ind\u00edgenas                    <\/a>\n                                    <a\n                        href=\"#carbon\"\n                        class=\"text-xs no-underline whitespace-nowrap py-3\"\n                                                    data-anchor=\"#carbon\"\n                                                style=\"\n                            color: #000000                        \">\n                        Ciclo del carbono                    <\/a>\n                                    <a\n                        href=\"#transparency\"\n                        class=\"text-xs no-underline whitespace-nowrap py-3\"\n                                                    data-anchor=\"#transparency\"\n                                                style=\"\n                            color: #000000                        \">\n                        Transparencia                    <\/a>\n                            <\/nav>\n            <\/div>\n<\/div>\n\n\n\n\n<section class=\"wp-block-group alignfull is-group-section is-layout-flow wp-block-group-is-layout-flow\" id=\"our-goals\" style=\"margin-top:0;margin-right:0;margin-bottom:0;margin-left:0;padding-top:var(--wp--preset--spacing--10);padding-right:0;padding-bottom:0;padding-left:0\">\n<div class=\"wp-block-group alignwide is-group-container aligncenter container is-layout-flow wp-block-group-is-layout-flow\" style=\"margin-top:0;margin-right:auto;margin-bottom:0;margin-left:auto;padding-top:0;padding-right:var(--wp--custom--container-padding);padding-bottom:0;padding-left:var(--wp--custom--container-padding)\">\n<div class=\"wp-block-media-text has-media-on-the-right is-stacked-on-mobile is-vertically-aligned-center is-circular-media-text-offset\" style=\"padding-top:0;padding-right:0;padding-bottom:0;padding-left:0\"><div class=\"wp-block-media-text__content\">\n<h2 class=\"wp-block-heading\">Aprovechar el ciclo natural del carbono para un futuro m\u00e1s limpio<\/h2>\n\n\n\n<p class=\"\">Nuestro proceso aprovecha el ciclo natural del carbono, incorporando los principios de la econom\u00eda circular. Al utilizar el carbono reci\u00e9n capturado por las plantas, en lugar de liberar el carbono f\u00f3sil almacenado durante mucho tiempo, creamos un bucle sostenible. Nuestro compromiso de mejora continua nos impulsa hacia una econom\u00eda verdaderamente regenerativa y baja en carbono.  <\/p>\n\n\n\n<div class=\"wp-block-buttons is-layout-flex wp-block-buttons-is-layout-flex\">\n<div class=\"wp-block-button has-custom-font-size is-small-button is-style-link preserve-width is-style-link--1\" style=\"font-size:clamp(0.875rem, 0.875rem + ((1vw - 0.2rem) * 0.161), 1rem);line-height:var(--wp--custom--line-height-base)\"><a class=\"wp-block-button__link wp-element-button\" href=\"https:\/\/arbiosbiotech.com\/es\/economia-circular-y-ciclo-del-carbono\/\" style=\"border-radius:var(--wp--custom--border-radius-full);padding-top:1rem;padding-right:2rem;padding-bottom:1rem;padding-left:2rem\">\u00bfQu\u00e9 es el ciclo del carbono?<\/a><\/div>\n<\/div>\n<\/div><figure class=\" hide-me\" class=\"wp-block-media-text__media\"><img decoding=\"async\" class=\" hide-me shrink-me slow\" src=\"https:\/\/spcdn.shortpixel.ai\/spio\/ret_img,q_cdnize,to_webp,s_webp\/arbiosbiotech.com\/wp-content\/uploads\/AdobeStock_83455127_Preview-750x669.jpeg\" alt=\"\" class=\"wp-image-3321 size-thumbnail\"\/><\/figure><\/div>\n<\/div>\n<\/section>\n\n\n\n<section class=\"wp-block-group alignfull is-group-section is-layout-flow wp-block-group-is-layout-flow\" id=\"indigenous\" style=\"margin-top:0;margin-right:0;margin-bottom:0;margin-left:0;padding-top:var(--wp--preset--spacing--9);padding-right:0;padding-bottom:var(--wp--preset--spacing--9);padding-left:0\">\n<div class=\"wp-block-group alignwide is-group-container aligncenter container is-layout-flow wp-container-core-group-is-layout-7c2a94a2 wp-block-group-is-layout-flow\" style=\"margin-top:0;margin-right:auto;margin-bottom:0;margin-left:auto;padding-top:var(--wp--preset--spacing--9);padding-right:var(--wp--custom--container-padding);padding-bottom:0;padding-left:var(--wp--custom--container-padding)\">\n<div class=\"wp-block-columns justify-between is-layout-flex wp-container-core-columns-is-layout-28f84493 wp-block-columns-is-layout-flex\">\n<div class=\"wp-block-column is-layout-flow wp-block-column-is-layout-flow\" style=\"flex-basis:50%\">\n<h2 class=\"wp-block-heading\">Orientaci\u00f3n ind\u00edgena en la administraci\u00f3n<\/h2>\n\n\n\n<div class=\"wp-block-buttons hide-tablet is-layout-flex wp-block-buttons-is-layout-flex\" style=\"margin-top:var(--wp--preset--spacing--7);margin-bottom:0\">\n<div class=\"wp-block-button is-style-default\"><a class=\"wp-block-button__link wp-element-button\" href=\"https:\/\/arbiosbiotech.com\/es\/relaciones-indigenas\/\">Relaciones ind\u00edgenas<\/a><\/div>\n\n\n\n<div class=\"wp-block-button has-custom-font-size is-small-button is-style-link is-style-link--2\" style=\"font-size:clamp(0.875rem, 0.875rem + ((1vw - 0.2rem) * 0.161), 1rem);line-height:var(--wp--custom--line-height-base)\"><a class=\"wp-block-button__link wp-element-button\" href=\"https:\/\/arbiosbiotech.com\/es\/empleo\/\" style=\"border-radius:var(--wp--custom--border-radius-full);padding-top:1rem;padding-right:2rem;padding-bottom:1rem;padding-left:2rem\">Trabaja con nosotros<\/a><\/div>\n<\/div>\n<\/div>\n\n\n\n<div class=\"wp-block-column is-layout-flow wp-block-column-is-layout-flow\" style=\"flex-basis:41.67%\">\n<p class=\"\">Hemos trabajado con la Primera Naci\u00f3n Lheidli T&#8217;enneh desde el inicio de nuestras instalaciones de Chuntoh Ghuna. Nuestra relaci\u00f3n comenz\u00f3 realizando una diligencia debida medioambiental voluntaria conjunta para garantizar la protecci\u00f3n de los valores y \u00e1reas de inter\u00e9s de la Naci\u00f3n. Agradecemos la orientaci\u00f3n y participaci\u00f3n de la Naci\u00f3n mientras seguimos trabajando juntos en el desarrollo de la instalaci\u00f3n en el territorio no cedido de la Primera Naci\u00f3n Lheidli T&#8217;enneh.  <\/p>\n\n\n\n<div class=\"wp-block-buttons lg:!hidden is-layout-flex wp-block-buttons-is-layout-flex\" style=\"margin-top:var(--wp--preset--spacing--7);margin-bottom:0\">\n<div class=\"wp-block-button is-style-default\"><a class=\"wp-block-button__link wp-element-button\" href=\"https:\/\/arbiosbiotech.com\/es\/relaciones-indigenas\/\">Relaciones ind\u00edgenas<\/a><\/div>\n\n\n\n<div class=\"wp-block-button has-custom-font-size is-small-button is-style-link is-style-link--3\" style=\"font-size:clamp(0.875rem, 0.875rem + ((1vw - 0.2rem) * 0.161), 1rem);line-height:var(--wp--custom--line-height-base)\"><a class=\"wp-block-button__link wp-element-button\" href=\"https:\/\/arbiosbiotech.com\/es\/empleo\/\" style=\"border-radius:var(--wp--custom--border-radius-full);padding-top:1rem;padding-right:2rem;padding-bottom:1rem;padding-left:2rem\">Trabaja con nosotros<\/a><\/div>\n<\/div>\n<\/div>\n<\/div>\n\n\n\n<figure class=\"wp-block-image size-large is-resized has-custom-border is-style-default img-fill\"><img decoding=\"async\" width=\"2133\" height=\"1200\" src=\"https:\/\/arbiosbiotech.com\/wp-content\/uploads\/ChuntohGhuna-edited-scaled.jpg\" alt=\"\" class=\"wp-image-3713\" style=\"border-radius:24px;aspect-ratio:16\/9;object-fit:cover;width:1465px\" srcset=\"https:\/\/arbiosbiotech.com\/wp-content\/uploads\/ChuntohGhuna-edited-scaled.jpg 2133w, https:\/\/arbiosbiotech.com\/wp-content\/uploads\/ChuntohGhuna-edited-1024x576.jpg 1024w, https:\/\/arbiosbiotech.com\/wp-content\/uploads\/ChuntohGhuna-edited-1920x1080.jpg 1920w, https:\/\/arbiosbiotech.com\/wp-content\/uploads\/ChuntohGhuna-edited-768x432.jpg 768w, https:\/\/arbiosbiotech.com\/wp-content\/uploads\/ChuntohGhuna-edited-1536x864.jpg 1536w, https:\/\/arbiosbiotech.com\/wp-content\/uploads\/ChuntohGhuna-edited-2048x1152.jpg 2048w\" sizes=\"(max-width: 2133px) 100vw, 2133px\" \/><figcaption class=\"wp-element-caption\">La Naci\u00f3n Lheidli T&#8217;enneh dio a las instalaciones de Arbios en Prince George el nombre de \u00abChuntoh Ghuna\u00bb, que en dakelh significa \u00abel bosque vive\u00bb.<\/figcaption><\/figure>\n<\/div>\n<\/section>\n\n\n\n<section class=\"wp-block-group alignfull is-group-section has-gray-100-background-color has-background is-layout-flow wp-block-group-is-layout-flow\" id=\"quote\" style=\"margin-top:0;margin-right:0;margin-bottom:0;margin-left:0;padding-top:var(--wp--preset--spacing--9);padding-right:0;padding-bottom:var(--wp--preset--spacing--9);padding-left:0\">\n<div class=\"wp-block-group alignwide is-group-container aligncenter container is-layout-flow wp-block-group-is-layout-flow\" style=\"margin-top:0;margin-right:auto;margin-bottom:0;margin-left:auto;padding-top:0;padding-right:var(--wp--custom--container-padding);padding-bottom:0;padding-left:var(--wp--custom--container-padding)\">\n<div class=\"wp-block-columns justify-between is-layout-flex wp-container-core-columns-is-layout-28f84493 wp-block-columns-is-layout-flex\">\n<div class=\"wp-block-column is-vertically-aligned-center is-layout-flow wp-container-core-column-is-layout-9b635ac4 wp-block-column-is-layout-flow\" style=\"flex-basis:50%\">\n<div class=\"wp-block-group is-vertical is-layout-flex wp-container-core-group-is-layout-46ad5e2c wp-block-group-is-layout-flex\">\n<figure class=\"wp-block-image size-large\"><img decoding=\"async\" src=\"https:\/\/arbiosdev.wpengine.com\/wp-content\/uploads\/lheidli-tenneh.png\" alt=\"\"\/><\/figure>\n\n\n\n<figure class=\"wp-block-pullquote has-text-align-left\" style=\"padding-left:0\"><blockquote><p>\u00abTener el nombre de una planta en el dialecto de Lheidli T&#8217;enneh, Dakelh, tiene un gran significado para los miembros de nuestra Naci\u00f3n. Demuestra una observancia de nuestras tierras y cultura ancestrales y demuestra que es posible que las comunidades ind\u00edgenas y la industria trabajen en armon\u00eda hacia objetivos ecol\u00f3gicamente racionales y mutuamente beneficiosos. Nos entusiasma participar en un proyecto que se ajusta a nuestros objetivos medioambientales\u00bb.<\/p><cite>Dolleen Logan &#8211; Jefa, Primera Naci\u00f3n Lheidli T&#8217;enneh<\/cite><\/blockquote><\/figure>\n<\/div>\n\n\n\n<div class=\"wp-block-buttons is-layout-flex wp-block-buttons-is-layout-flex\">\n<div class=\"wp-block-button is-style-default\"><a class=\"wp-block-button__link wp-element-button\" href=\"https:\/\/arbiosbiotech.com\/people-community\/\">Nuestra gente y nuestra cultura<\/a><\/div>\n<\/div>\n<\/div>\n\n\n\n<div class=\"wp-block-column is-vertically-aligned-top is-layout-flow wp-block-column-is-layout-flow\" style=\"flex-basis:41.67%\">\n<figure class=\"wp-block-image size-full has-custom-border is-style-default\"><img decoding=\"async\" width=\"1024\" height=\"1024\" src=\"http:\/\/arbiosbiotech.com\/wp-content\/uploads\/Chief-Dolleen-Logan-scaled-e1706305178146-1024x1024-1.jpg\" alt=\"\" class=\"wp-image-3319\" style=\"border-radius:24px;aspect-ratio:1;object-fit:cover\" srcset=\"https:\/\/arbiosbiotech.com\/wp-content\/uploads\/Chief-Dolleen-Logan-scaled-e1706305178146-1024x1024-1.jpg 1024w, https:\/\/arbiosbiotech.com\/wp-content\/uploads\/Chief-Dolleen-Logan-scaled-e1706305178146-1024x1024-1-750x750.jpg 750w, https:\/\/arbiosbiotech.com\/wp-content\/uploads\/Chief-Dolleen-Logan-scaled-e1706305178146-1024x1024-1-768x768.jpg 768w, https:\/\/arbiosbiotech.com\/wp-content\/uploads\/Chief-Dolleen-Logan-scaled-e1706305178146-1024x1024-1-300x300.jpg 300w, https:\/\/arbiosbiotech.com\/wp-content\/uploads\/Chief-Dolleen-Logan-scaled-e1706305178146-1024x1024-1-400x400.jpg 400w, https:\/\/arbiosbiotech.com\/wp-content\/uploads\/Chief-Dolleen-Logan-scaled-e1706305178146-1024x1024-1-600x600.jpg 600w, https:\/\/arbiosbiotech.com\/wp-content\/uploads\/Chief-Dolleen-Logan-scaled-e1706305178146-1024x1024-1-500x500.jpg 500w\" sizes=\"(max-width: 1024px) 100vw, 1024px\" \/><\/figure>\n<\/div>\n<\/div>\n<\/div>\n<\/section>\n\n\n\n<section class=\"wp-block-group alignfull is-group-section has-light-color has-blue-900-background-color has-text-color has-background has-link-color wp-elements-22d98b5d5d100f1c9ea4b56cc6b012d3 is-layout-flow wp-block-group-is-layout-flow\" id=\"carbon\" style=\"margin-top:0;margin-right:0;margin-bottom:0;margin-left:0;padding-top:var(--wp--preset--spacing--9);padding-right:0;padding-bottom:var(--wp--preset--spacing--9);padding-left:0\">\n<div class=\"wp-block-group alignwide is-group-container aligncenter container is-layout-flow wp-container-core-group-is-layout-8ce5fd35 wp-block-group-is-layout-flow\" id=\"carbon\" style=\"margin-top:0;margin-right:auto;margin-bottom:0;margin-left:auto;padding-top:0;padding-right:var(--wp--custom--container-padding);padding-bottom:0;padding-left:var(--wp--custom--container-padding)\">\n<div class=\"wp-block-columns justify-between is-layout-flex wp-container-core-columns-is-layout-28f84493 wp-block-columns-is-layout-flex\">\n<div class=\"wp-block-column is-layout-flow wp-block-column-is-layout-flow\" style=\"flex-basis:75%\">\n<p class=\"has-md-font-size\">Al convertir eficazmente la biomasa en bioaceites vers\u00e1tiles, estamos creando un bucle de carbono m\u00e1s corto y sostenible. Nuestro enfoque minimiza el impacto del transporte mediante la ubicaci\u00f3n estrat\u00e9gica de las instalaciones, reduce la dependencia del crudo f\u00f3sil y tiene una menor huella de carbono. No s\u00f3lo participamos en el ciclo del carbono, sino que lo optimizamos para un futuro con bajas emisiones de carbono.  <\/p>\n<\/div>\n\n\n\n<div class=\"wp-block-column is-vertically-aligned-bottom is-layout-flow wp-block-column-is-layout-flow\" style=\"flex-basis:16.67%\">\n<div class=\"wp-block-buttons is-content-justification-right is-layout-flex wp-container-core-buttons-is-layout-ed59bcea wp-block-buttons-is-layout-flex\">\n<div class=\"wp-block-button has-custom-font-size is-small-button is-style-link preserve-width is-style-link--4\" style=\"font-size:clamp(0.875rem, 0.875rem + ((1vw - 0.2rem) * 0.161), 1rem);line-height:var(--wp--custom--line-height-base)\"><a class=\"wp-block-button__link has-light-color has-text-color has-link-color wp-element-button\" href=\"https:\/\/arbiosbiotech.com\/es\/economia-circular-y-ciclo-del-carbono\/\" style=\"border-radius:var(--wp--custom--border-radius-full);padding-top:1rem;padding-right:2rem;padding-bottom:1rem;padding-left:2rem\">Saber m\u00e1s<\/a><\/div>\n<\/div>\n<\/div>\n<\/div>\n\n\n\n<figure class=\"wp-block-image size-large is-resized has-custom-border is-style-default img-fill\"><img decoding=\"async\" width=\"1800\" height=\"1200\" src=\"http:\/\/arbiosbiotech.com\/wp-content\/uploads\/jeremy-bishop-h7bQ8VEZtws-unsplash-1920x1280.jpg\" alt=\"\" class=\"wp-image-3317\" style=\"border-radius:24px;aspect-ratio:16\/9;object-fit:cover;width:1465px\" srcset=\"https:\/\/arbiosbiotech.com\/wp-content\/uploads\/jeremy-bishop-h7bQ8VEZtws-unsplash-scaled.jpg 1800w, https:\/\/arbiosbiotech.com\/wp-content\/uploads\/jeremy-bishop-h7bQ8VEZtws-unsplash-1024x683.jpg 1024w, https:\/\/arbiosbiotech.com\/wp-content\/uploads\/jeremy-bishop-h7bQ8VEZtws-unsplash-768x512.jpg 768w, https:\/\/arbiosbiotech.com\/wp-content\/uploads\/jeremy-bishop-h7bQ8VEZtws-unsplash-1536x1024.jpg 1536w\" sizes=\"(max-width: 1800px) 100vw, 1800px\" \/><\/figure>\n<\/div>\n<\/section>\n\n\n\n<section class=\"wp-block-group alignfull is-group-section has-blue-100-background-color has-background is-layout-flow wp-block-group-is-layout-flow\" id=\"transparency\" style=\"margin-top:0;margin-right:0;margin-bottom:0;margin-left:0;padding-top:var(--wp--preset--spacing--9);padding-right:0;padding-bottom:var(--wp--preset--spacing--9);padding-left:0\">\n<div class=\"wp-block-group alignwide is-group-container aligncenter container is-layout-flow wp-block-group-is-layout-flow\" style=\"margin-top:0;margin-right:auto;margin-bottom:0;margin-left:auto;padding-top:0;padding-right:var(--wp--custom--container-padding);padding-bottom:0;padding-left:var(--wp--custom--container-padding)\">\n<div class=\"wp-block-group max-w-xl\n            mx-auto is-layout-flow wp-container-core-group-is-layout-50edc9b5 wp-block-group-is-layout-flow\">\n<h2 class=\"wp-block-heading has-text-align-center\">Transparencia y cumplimiento<\/h2>\n\n\n\n<p class=\"has-text-align-center has-dark-color has-text-color has-link-color wp-elements-8a72d8af77a2b0086bfe0ae05e5fe355\">Creemos en la plena transparencia respecto a nuestro impacto medioambiental. Nos comprometemos, no s\u00f3lo a cumplir, sino a superar las normas de calidad del aire y otras normas medioambientales en nuestras operaciones. Nuestra documentaci\u00f3n y permisos detallados describen nuestras estrictas pr\u00e1cticas para gestionar las emisiones y garantizar el cumplimiento de la normativa medioambiental.  <\/p>\n\n\n\n<div class=\"wp-block-buttons is-content-justification-center is-layout-flex wp-container-core-buttons-is-layout-6215b6ce wp-block-buttons-is-layout-flex\" style=\"margin-top:var(--wp--preset--spacing--6)\">\n<div class=\"wp-block-button is-style-default\" id=\"transparency\"><a class=\"wp-block-button__link wp-element-button\" href=\"https:\/\/arbiosbiotech.com\/es\/reinvencion-de-recursos\/chuntoh-ghuna\/#permitting\">Recursos y documentaci\u00f3n<\/a><\/div>\n<\/div>\n<\/div>\n<\/div>\n<\/section>\n\n\n\n<section class=\"wp-block-group alignfull is-group-section is-style-gradient has-white-color has-text-color has-link-color wp-elements-66917d1df280ce704a13dfbf5cb17f8a is-layout-flow wp-block-group-is-layout-flow has-background\" id=\"act\" style=\"margin-top:0;margin-right:0;margin-bottom:0;margin-left:0;padding-top:var(--wp--preset--spacing--10);padding-right:0;padding-bottom:var(--wp--preset--spacing--10);padding-left:0;background-image:url(&apos;http:\/\/arbiosbiotech.com\/wp-content\/uploads\/ArbiosBiotech-66-47-1.jpg&apos;);background-position:63% 22%;background-size:cover;\">\n<div class=\"wp-block-group alignwide is-group-container aligncenter container is-layout-flow wp-block-group-is-layout-flow\" style=\"margin-top:0;margin-right:auto;margin-bottom:0;margin-left:auto;padding-top:0;padding-right:var(--wp--custom--container-padding);padding-bottom:0;padding-left:var(--wp--custom--container-padding)\">\n<div class=\"wp-block-group max-w-md has-global-padding is-content-justification-left is-layout-constrained wp-container-core-group-is-layout-12dd3699 wp-block-group-is-layout-constrained\">\n<h2 class=\"wp-block-heading\">\u00bfTienes alguna pregunta o quieres compartir tu opini\u00f3n?<\/h2>\n\n\n\n<p class=\"\">Valoramos tu voz. Comparte con nosotros tus preguntas y preocupaciones para ayudar a dar forma al futuro de nuestra comunidad. Tu aportaci\u00f3n es importante en nuestro compromiso con la transparencia.  <\/p>\n\n\n\n<div class=\"wp-block-buttons is-layout-flex wp-block-buttons-is-layout-flex\">\n<div class=\"wp-block-button is-style-default\"><a class=\"wp-block-button__link has-dark-color has-white-background-color has-text-color has-background has-border-color has-white-border-color wp-element-button\" href=\"https:\/\/arbiosbiotech.com\/about\/ask-arbios\/\">Pregunta a Arbios<\/a><\/div>\n<\/div>\n<\/div>\n<\/div>\n<\/section>\n","protected":false},"excerpt":{"rendered":"<p>Tu contenido va aqu\u00ed. Sustituye este texto por el contenido de tu entrada. <\/p>\n","protected":false},"author":2,"featured_media":0,"parent":0,"menu_order":0,"comment_status":"closed","ping_status":"closed","template":"","meta":{"_acf_changed":false,"jormi_team_member_description":"","jormi_team_member_position":"","jormi_team_member_image_url":"https:\/\/arbiosbiotech.com\/wp-content\/themes\/jormi\/assets\/images\/sample_800x800.jpg","jormi_team_member_image_alt":"Photo Alt","jormi_event_description":"","header_tags":"","footer_tags":"","custom_email":"","custom_phone":"","faq_items":"","footnotes":""},"class_list":["post-5740","page","type-page","status-publish","hentry"],"acf":[],"_links":{"self":[{"href":"https:\/\/arbiosbiotech.com\/es\/wp-json\/wp\/v2\/pages\/5740","targetHints":{"allow":["GET"]}}],"collection":[{"href":"https:\/\/arbiosbiotech.com\/es\/wp-json\/wp\/v2\/pages"}],"about":[{"href":"https:\/\/arbiosbiotech.com\/es\/wp-json\/wp\/v2\/types\/page"}],"author":[{"embeddable":true,"href":"https:\/\/arbiosbiotech.com\/es\/wp-json\/wp\/v2\/users\/2"}],"replies":[{"embeddable":true,"href":"https:\/\/arbiosbiotech.com\/es\/wp-json\/wp\/v2\/comments?post=5740"}],"version-history":[{"count":0,"href":"https:\/\/arbiosbiotech.com\/es\/wp-json\/wp\/v2\/pages\/5740\/revisions"}],"wp:attachment":[{"href":"https:\/\/arbiosbiotech.com\/es\/wp-json\/wp\/v2\/media?parent=5740"}],"curies":[{"name":"wp","href":"https:\/\/api.w.org\/{rel}","templated":true}]}}