{"id":4971,"date":"2024-10-29T18:18:43","date_gmt":"2024-10-30T01:18:43","guid":{"rendered":"https:\/\/arbiosbiotech.com\/durabilite\/"},"modified":"2025-04-02T16:22:49","modified_gmt":"2025-04-02T23:22:49","slug":"durabilite","status":"publish","type":"page","link":"https:\/\/arbiosbiotech.com\/fr\/durabilite\/","title":{"rendered":"Durabilit\u00e9"},"content":{"rendered":"\n<section class=\"wp-block-group alignfull is-group-section is-layout-flow wp-block-group-is-layout-flow\" style=\"margin-top:0;margin-right:0;margin-bottom:0;margin-left:0;padding-right:0;padding-left:0\">\n\n    <header style=\"max-width: none !important; background-color:#FFFFFF;\" class=\"wp-block-jormi-blocks-hero relative z-[1] max-w-none overflow-hidden hero-fullscreen h-screen alignfull wp-block-jormi-blocks-hero has-text-color has-white-color has-background\">\n                    <div class=\"absolute left-0 w-full h-full z-[0]\">\n                <div class=\"absolute top-0 left-0 w-full h-1\/4 opacity-50 bg-gradient-to-b from-black\/100 via-40% via-black\/80 to-black\/0 z-[2]\"><\/div>\n                <div class=\"absolute bottom-0 left-0 w-full h-3\/4 lg:h-1\/2 opacity-85 bg-gradient-to-t from-black via-50% via-black\/80 to-black\/0 z-[2]\"><\/div>\n                                    <img decoding=\"async\" src=\"https:\/\/spcdn.shortpixel.ai\/spio\/ret_img,q_cdnize,to_webp,s_webp\/arbiosbiotech.com\/wp-content\/uploads\/AdobeStock_117700241-scaled.jpeg\" alt=\"Sea underwater view. Beauty nature background\" style=\"object-position:  \" class=\"no-lazy w-full h-full object-cover object-center hide-me shrink-me slow\">\n                            <\/div>\n                <div class=\"relative z-[3] flex flex-col justify-end h-full mt-auto pt-hh text-white\n        pb-8 \">\n            <div class=\"container\">\n                                    <div class=\"max-w-xl\">\n                        \n<div class=\"wp-block-group is-vertical is-layout-flex wp-container-core-group-is-layout-4b827052 wp-block-group-is-layout-flex\">\n<h1 class=\"wp-block-heading has-4-xl-font-size hide-me fade-me move-me-up quicker\" style=\"font-style:normal;font-weight:400\">Red\u00e9finir les ressources : Mener la r\u00e9volution de l&rsquo;\u00e9conomie biologique<br><\/h1>\n\n\n\n<div class=\"wp-block-group max-w-md is-layout-flow wp-block-group-is-layout-flow\">\n<h5 class=\"wp-block-heading\">Lib\u00e9rer le potentiel de la nature pour des lendemains plus propres.<\/h5>\n\n\n\n<p class=\"\">Nous sommes les premiers \u00e0 proposer des solutions innovantes qui transforment la biomasse en une bio-huile pr\u00e9cieuse, favorisant ainsi la transition vers un avenir durable et \u00e0 faible teneur en carbone.<\/p>\n<\/div>\n\n\n\n<div class=\"wp-block-buttons is-content-justification-left is-layout-flex wp-container-core-buttons-is-layout-23745e62 wp-block-buttons-is-layout-flex\" style=\"margin-top:var(--wp--preset--spacing--7)\">\n<div class=\"wp-block-button is-style-default\"><a class=\"wp-block-button__link has-dark-color has-white-background-color has-text-color has-background wp-element-button\" href=\"https:\/\/arbiosbiotech.com\/sustainability\/environmental-leadership\/\">La durabilit\u00e9 en action<\/a><\/div>\n<\/div>\n<\/div>\n  \n                    <\/div>\n                            <\/div>\n                        \n        <\/div>\n\n    <\/header>\n\n<\/section>\n\n\n\n<div style=\"background-color: #F5F5F5; color:#000000;\" class=\"w-full !mt-0 max-w-0 alignfull wp-block-jormi-blocks-sub-navigation has-text-color has-background has-light-background-color\"    id=\"wp-block-jormi-blocks-sub-navigation-5ae8bff0-6388-46a9-b77e-fd7d4920d029\"\n    data-active-color=\"#48D150\" \n    data-default-color=\"#000000\"\n    >\n    <div class=\"container flex justify-between items-center gap-10 py-2 lg:py-3 w-full max-w-none overflow-x-auto\">\n        <div class=\"text-sm font-medium whitespace-nowrap\">\n                        <a href=\"https:\/\/arbiosbiotech.com\/fr\/durabilite\/\" class=\"text-black no-underline\">Durabilit\u00e9<\/a>\n        <\/div>\n                    <nav class=\"flex gap-6\">\n                                    <a\n                        href=\"#our-goals\"\n                        class=\"text-xs no-underline whitespace-nowrap py-3\"\n                                                    data-anchor=\"#our-goals\"\n                                                style=\"\n                            color: #000000                        \">\n                        Nos objectifs                    <\/a>\n                                    <a\n                        href=\"#indigenous\"\n                        class=\"text-xs no-underline whitespace-nowrap py-3\"\n                                                    data-anchor=\"#indigenous\"\n                                                style=\"\n                            color: #000000                        \">\n                        Relations autochtones                    <\/a>\n                                    <a\n                        href=\"#carbon\"\n                        class=\"text-xs no-underline whitespace-nowrap py-3\"\n                                                    data-anchor=\"#carbon\"\n                                                style=\"\n                            color: #000000                        \">\n                        Cycle du carbone                    <\/a>\n                                    <a\n                        href=\"#transparency\"\n                        class=\"text-xs no-underline whitespace-nowrap py-3\"\n                                                    data-anchor=\"#transparency\"\n                                                style=\"\n                            color: #000000                        \">\n                        Transparence                    <\/a>\n                            <\/nav>\n            <\/div>\n<\/div>\n\n\n\n\n<section class=\"wp-block-group alignfull is-group-section is-layout-flow wp-block-group-is-layout-flow\" id=\"our-goals\" style=\"margin-top:0;margin-right:0;margin-bottom:0;margin-left:0;padding-top:var(--wp--preset--spacing--10);padding-right:0;padding-bottom:0;padding-left:0\">\n<div class=\"wp-block-group alignwide is-group-container aligncenter container is-layout-flow wp-block-group-is-layout-flow\" style=\"margin-top:0;margin-right:auto;margin-bottom:0;margin-left:auto;padding-top:0;padding-right:var(--wp--custom--container-padding);padding-bottom:0;padding-left:var(--wp--custom--container-padding)\">\n<div class=\"wp-block-media-text has-media-on-the-right is-stacked-on-mobile is-vertically-aligned-center is-circular-media-text-offset\" style=\"padding-top:0;padding-right:0;padding-bottom:0;padding-left:0\"><div class=\"wp-block-media-text__content\">\n<h2 class=\"wp-block-heading\">Exploiter le cycle du carbone de la nature pour un avenir plus propre<\/h2>\n\n\n\n<p class=\"\">Notre processus exploite le cycle du carbone de la nature, incarnant ainsi les principes de l&rsquo;\u00e9conomie circulaire. En utilisant le carbone r\u00e9cemment captur\u00e9 par les plantes, plut\u00f4t qu&rsquo;en lib\u00e9rant du carbone fossile stock\u00e9 depuis longtemps, nous cr\u00e9ons une boucle durable. Notre engagement en faveur de l&rsquo;am\u00e9lioration continue nous conduit vers une \u00e9conomie v\u00e9ritablement r\u00e9g\u00e9n\u00e9ratrice et \u00e0 faible \u00e9mission de carbone.<\/p>\n\n\n\n<div class=\"wp-block-buttons is-layout-flex wp-block-buttons-is-layout-flex\">\n<div class=\"wp-block-button has-custom-font-size is-small-button is-style-link preserve-width is-style-link--1\" style=\"font-size:clamp(0.875rem, 0.875rem + ((1vw - 0.2rem) * 0.161), 1rem);line-height:var(--wp--custom--line-height-base)\"><a class=\"wp-block-button__link wp-element-button\" href=\"https:\/\/arbiosbiotech.com\/sustainability\/circular-economy-carbon-cycle\/\" style=\"border-radius:var(--wp--custom--border-radius-full);padding-top:1rem;padding-right:2rem;padding-bottom:1rem;padding-left:2rem\">Qu&rsquo;est-ce que le cycle du carbone ?<\/a><\/div>\n<\/div>\n<\/div><figure class=\" hide-me\" class=\"wp-block-media-text__media\"><img decoding=\"async\" class=\" hide-me shrink-me slow\" src=\"https:\/\/spcdn.shortpixel.ai\/spio\/ret_img,q_cdnize,to_webp,s_webp\/arbiosbiotech.com\/wp-content\/uploads\/AdobeStock_83455127_Preview-750x669.jpeg\" alt=\"\" class=\"wp-image-3321 size-thumbnail\"\/><\/figure><\/div>\n<\/div>\n<\/section>\n\n\n\n<section class=\"wp-block-group alignfull is-group-section is-layout-flow wp-block-group-is-layout-flow\" id=\"indigenous\" style=\"margin-top:0;margin-right:0;margin-bottom:0;margin-left:0;padding-top:var(--wp--preset--spacing--9);padding-right:0;padding-bottom:var(--wp--preset--spacing--9);padding-left:0\">\n<div class=\"wp-block-group alignwide is-group-container aligncenter container is-layout-flow wp-container-core-group-is-layout-7c2a94a2 wp-block-group-is-layout-flow\" style=\"margin-top:0;margin-right:auto;margin-bottom:0;margin-left:auto;padding-top:var(--wp--preset--spacing--9);padding-right:var(--wp--custom--container-padding);padding-bottom:0;padding-left:var(--wp--custom--container-padding)\">\n<div class=\"wp-block-columns justify-between is-layout-flex wp-container-core-columns-is-layout-28f84493 wp-block-columns-is-layout-flex\">\n<div class=\"wp-block-column is-layout-flow wp-block-column-is-layout-flow\" style=\"flex-basis:50%\">\n<h2 class=\"wp-block-heading\">Orientations indig\u00e8nes en mati\u00e8re d&rsquo;intendance<\/h2>\n\n\n\n<div class=\"wp-block-buttons hide-tablet is-layout-flex wp-block-buttons-is-layout-flex\" style=\"margin-top:var(--wp--preset--spacing--7);margin-bottom:0\">\n<div class=\"wp-block-button is-style-default\"><a class=\"wp-block-button__link wp-element-button\" href=\"https:\/\/arbiosbiotech.com\/fr\/personnes-et-communautes\/relations-avec-les-autochtones\/\">Relations avec les autochtones<\/a><\/div>\n\n\n\n<div class=\"wp-block-button has-custom-font-size is-small-button is-style-link is-style-link--2\" style=\"font-size:clamp(0.875rem, 0.875rem + ((1vw - 0.2rem) * 0.161), 1rem);line-height:var(--wp--custom--line-height-base)\"><a class=\"wp-block-button__link wp-element-button\" href=\"https:\/\/arbiosbiotech.com\/fr\/personnes-et-communautes\/carrieres\/\" style=\"border-radius:var(--wp--custom--border-radius-full);padding-top:1rem;padding-right:2rem;padding-bottom:1rem;padding-left:2rem\">Travaillez avec nous<\/a><\/div>\n<\/div>\n<\/div>\n\n\n\n<div class=\"wp-block-column is-layout-flow wp-block-column-is-layout-flow\" style=\"flex-basis:41.67%\">\n<p class=\"\">Nous travaillons avec la Premi\u00e8re nation Lheidli T&rsquo;enneh depuis la cr\u00e9ation de notre installation de Chuntoh Ghuna. Notre relation a commenc\u00e9 par la r\u00e9alisation d&rsquo;un audit environnemental volontaire conjoint afin de garantir la protection des valeurs et des zones d&rsquo;int\u00e9r\u00eat de la nation. Nous sommes reconnaissants \u00e0 la nation pour ses conseils et sa participation alors que nous continuons \u00e0 travailler ensemble au d\u00e9veloppement de l&rsquo;installation sur le territoire non c\u00e9d\u00e9 de la premi\u00e8re nation Lheidli T&rsquo;enneh.<\/p>\n\n\n\n<div class=\"wp-block-buttons lg:!hidden is-layout-flex wp-block-buttons-is-layout-flex\" style=\"margin-top:var(--wp--preset--spacing--7);margin-bottom:0\">\n<div class=\"wp-block-button is-style-default\"><a class=\"wp-block-button__link wp-element-button\" href=\"https:\/\/arbiosbiotech.com\/fr\/personnes-et-communautes\/relations-avec-les-autochtones\/\">Relations avec les autochtones<\/a><\/div>\n\n\n\n<div class=\"wp-block-button has-custom-font-size is-small-button is-style-link is-style-link--3\" style=\"font-size:clamp(0.875rem, 0.875rem + ((1vw - 0.2rem) * 0.161), 1rem);line-height:var(--wp--custom--line-height-base)\"><a class=\"wp-block-button__link wp-element-button\" href=\"https:\/\/arbiosbiotech.com\/fr\/personnes-et-communautes\/carrieres\/\" style=\"border-radius:var(--wp--custom--border-radius-full);padding-top:1rem;padding-right:2rem;padding-bottom:1rem;padding-left:2rem\">Travaillez avec nous<\/a><\/div>\n<\/div>\n<\/div>\n<\/div>\n\n\n\n<figure class=\"wp-block-image size-large is-resized has-custom-border is-style-default img-fill\"><img decoding=\"async\" width=\"2133\" height=\"1200\" src=\"https:\/\/arbiosbiotech.com\/wp-content\/uploads\/ChuntohGhuna-edited-scaled.jpg\" alt=\"\" class=\"wp-image-3713\" style=\"border-radius:24px;aspect-ratio:16\/9;object-fit:cover;width:1465px\" srcset=\"https:\/\/arbiosbiotech.com\/wp-content\/uploads\/ChuntohGhuna-edited-scaled.jpg 2133w, https:\/\/arbiosbiotech.com\/wp-content\/uploads\/ChuntohGhuna-edited-1024x576.jpg 1024w, https:\/\/arbiosbiotech.com\/wp-content\/uploads\/ChuntohGhuna-edited-1920x1080.jpg 1920w, https:\/\/arbiosbiotech.com\/wp-content\/uploads\/ChuntohGhuna-edited-768x432.jpg 768w, https:\/\/arbiosbiotech.com\/wp-content\/uploads\/ChuntohGhuna-edited-1536x864.jpg 1536w, https:\/\/arbiosbiotech.com\/wp-content\/uploads\/ChuntohGhuna-edited-2048x1152.jpg 2048w\" sizes=\"(max-width: 2133px) 100vw, 2133px\" \/><figcaption class=\"wp-element-caption\">La nation Lheidli T&rsquo;enneh a baptis\u00e9 les installations d&rsquo;Arbios \u00e0 Prince George \u00ab\u00a0Chuntoh Ghuna\u00a0\u00bb, ce qui signifie en dakelh \u00ab\u00a0la for\u00eat vit\u00a0\u00bb<\/figcaption><\/figure>\n<\/div>\n<\/section>\n\n\n\n<section class=\"wp-block-group alignfull is-group-section has-gray-100-background-color has-background is-layout-flow wp-block-group-is-layout-flow\" id=\"quote\" style=\"margin-top:0;margin-right:0;margin-bottom:0;margin-left:0;padding-top:var(--wp--preset--spacing--9);padding-right:0;padding-bottom:var(--wp--preset--spacing--9);padding-left:0\">\n<div class=\"wp-block-group alignwide is-group-container aligncenter container is-layout-flow wp-block-group-is-layout-flow\" style=\"margin-top:0;margin-right:auto;margin-bottom:0;margin-left:auto;padding-top:0;padding-right:var(--wp--custom--container-padding);padding-bottom:0;padding-left:var(--wp--custom--container-padding)\">\n<div class=\"wp-block-columns justify-between is-layout-flex wp-container-core-columns-is-layout-28f84493 wp-block-columns-is-layout-flex\">\n<div class=\"wp-block-column is-vertically-aligned-center is-layout-flow wp-container-core-column-is-layout-9b635ac4 wp-block-column-is-layout-flow\" style=\"flex-basis:50%\">\n<div class=\"wp-block-group is-vertical is-layout-flex wp-container-core-group-is-layout-46ad5e2c wp-block-group-is-layout-flex\">\n<figure class=\"wp-block-image size-large\"><img decoding=\"async\" src=\"https:\/\/arbiosdev.wpengine.com\/wp-content\/uploads\/lheidli-tenneh.png\" alt=\"\"\/><\/figure>\n\n\n\n<figure class=\"wp-block-pullquote has-text-align-left\" style=\"padding-left:0\"><blockquote><p>\u00ab\u00a0Avoir un nom de plante dans le dialecte de Lheidli T&rsquo;enneh, Dakelh, a une grande signification pour les membres de notre nation. Il t\u00e9moigne du respect de nos terres et de notre culture ancestrales et montre qu&rsquo;il est possible pour les communaut\u00e9s autochtones et l&rsquo;industrie de travailler en harmonie pour atteindre des objectifs respectueux de l&rsquo;environnement et mutuellement b\u00e9n\u00e9fiques. Nous sommes ravis de participer \u00e0 un projet qui s&rsquo;aligne sur nos objectifs environnementaux\u00a0\u00bb<\/p><cite>Dolleen Logan &#8211; Chef, Premi\u00e8re nation Lheidli T&rsquo;enneh<\/cite><\/blockquote><\/figure>\n<\/div>\n\n\n\n<div class=\"wp-block-buttons is-layout-flex wp-block-buttons-is-layout-flex\">\n<div class=\"wp-block-button is-style-default\"><a class=\"wp-block-button__link wp-element-button\" href=\"https:\/\/arbiosbiotech.com\/fr\/personnes-et-communautes\/\">Notre personnel et notre culture<\/a><\/div>\n<\/div>\n<\/div>\n\n\n\n<div class=\"wp-block-column is-vertically-aligned-top is-layout-flow wp-block-column-is-layout-flow\" style=\"flex-basis:41.67%\">\n<figure class=\"wp-block-image size-full has-custom-border is-style-default\"><img decoding=\"async\" width=\"1024\" height=\"1024\" src=\"http:\/\/arbiosbiotech.com\/wp-content\/uploads\/Chief-Dolleen-Logan-scaled-e1706305178146-1024x1024-1.jpg\" alt=\"\" class=\"wp-image-3319\" style=\"border-radius:24px;aspect-ratio:1;object-fit:cover\" srcset=\"https:\/\/arbiosbiotech.com\/wp-content\/uploads\/Chief-Dolleen-Logan-scaled-e1706305178146-1024x1024-1.jpg 1024w, https:\/\/arbiosbiotech.com\/wp-content\/uploads\/Chief-Dolleen-Logan-scaled-e1706305178146-1024x1024-1-750x750.jpg 750w, https:\/\/arbiosbiotech.com\/wp-content\/uploads\/Chief-Dolleen-Logan-scaled-e1706305178146-1024x1024-1-768x768.jpg 768w, https:\/\/arbiosbiotech.com\/wp-content\/uploads\/Chief-Dolleen-Logan-scaled-e1706305178146-1024x1024-1-300x300.jpg 300w, https:\/\/arbiosbiotech.com\/wp-content\/uploads\/Chief-Dolleen-Logan-scaled-e1706305178146-1024x1024-1-400x400.jpg 400w, https:\/\/arbiosbiotech.com\/wp-content\/uploads\/Chief-Dolleen-Logan-scaled-e1706305178146-1024x1024-1-600x600.jpg 600w, https:\/\/arbiosbiotech.com\/wp-content\/uploads\/Chief-Dolleen-Logan-scaled-e1706305178146-1024x1024-1-500x500.jpg 500w\" sizes=\"(max-width: 1024px) 100vw, 1024px\" \/><\/figure>\n<\/div>\n<\/div>\n<\/div>\n<\/section>\n\n\n\n<section class=\"wp-block-group alignfull is-group-section has-light-color has-blue-900-background-color has-text-color has-background has-link-color wp-elements-1b69f9645676ab0772cea982576d1db7 is-layout-flow wp-block-group-is-layout-flow\" id=\"carbon\" style=\"margin-top:0;margin-right:0;margin-bottom:0;margin-left:0;padding-top:var(--wp--preset--spacing--9);padding-right:0;padding-bottom:var(--wp--preset--spacing--9);padding-left:0\">\n<div class=\"wp-block-group alignwide is-group-container aligncenter container is-layout-flow wp-container-core-group-is-layout-8ce5fd35 wp-block-group-is-layout-flow\" id=\"carbon\" style=\"margin-top:0;margin-right:auto;margin-bottom:0;margin-left:auto;padding-top:0;padding-right:var(--wp--custom--container-padding);padding-bottom:0;padding-left:var(--wp--custom--container-padding)\">\n<div class=\"wp-block-columns justify-between is-layout-flex wp-container-core-columns-is-layout-28f84493 wp-block-columns-is-layout-flex\">\n<div class=\"wp-block-column is-layout-flow wp-block-column-is-layout-flow\" style=\"flex-basis:75%\">\n<p class=\"has-md-font-size\">En convertissant efficacement la biomasse en bio-huiles polyvalentes, nous cr\u00e9ons une boucle de carbone plus courte et plus durable. Notre approche minimise les impacts du transport gr\u00e2ce \u00e0 l&#8217;emplacement strat\u00e9gique des installations, r\u00e9duit la d\u00e9pendance \u00e0 l&rsquo;\u00e9gard du brut fossile et a une empreinte carbone plus faible. Nous ne nous contentons pas de participer au cycle du carbone, nous l&rsquo;optimisons en vue d&rsquo;un avenir \u00e0 faible teneur en carbone.<\/p>\n<\/div>\n\n\n\n<div class=\"wp-block-column is-vertically-aligned-bottom is-layout-flow wp-block-column-is-layout-flow\" style=\"flex-basis:16.67%\">\n<div class=\"wp-block-buttons is-content-justification-right is-layout-flex wp-container-core-buttons-is-layout-ed59bcea wp-block-buttons-is-layout-flex\">\n<div class=\"wp-block-button has-custom-font-size is-small-button is-style-link preserve-width is-style-link--4\" style=\"font-size:clamp(0.875rem, 0.875rem + ((1vw - 0.2rem) * 0.161), 1rem);line-height:var(--wp--custom--line-height-base)\"><a class=\"wp-block-button__link has-light-color has-text-color has-link-color wp-element-button\" href=\"https:\/\/arbiosbiotech.com\/sustainability\/circular-economy-carbon-cycle\/\" style=\"border-radius:var(--wp--custom--border-radius-full);padding-top:1rem;padding-right:2rem;padding-bottom:1rem;padding-left:2rem\">En savoir plus<\/a><\/div>\n<\/div>\n<\/div>\n<\/div>\n\n\n\n<figure class=\"wp-block-image size-large is-resized has-custom-border is-style-default img-fill\"><img decoding=\"async\" width=\"1800\" height=\"1200\" src=\"http:\/\/arbiosbiotech.com\/wp-content\/uploads\/jeremy-bishop-h7bQ8VEZtws-unsplash-1920x1280.jpg\" alt=\"\" class=\"wp-image-3317\" style=\"border-radius:24px;aspect-ratio:16\/9;object-fit:cover;width:1465px\" srcset=\"https:\/\/arbiosbiotech.com\/wp-content\/uploads\/jeremy-bishop-h7bQ8VEZtws-unsplash-scaled.jpg 1800w, https:\/\/arbiosbiotech.com\/wp-content\/uploads\/jeremy-bishop-h7bQ8VEZtws-unsplash-1024x683.jpg 1024w, https:\/\/arbiosbiotech.com\/wp-content\/uploads\/jeremy-bishop-h7bQ8VEZtws-unsplash-768x512.jpg 768w, https:\/\/arbiosbiotech.com\/wp-content\/uploads\/jeremy-bishop-h7bQ8VEZtws-unsplash-1536x1024.jpg 1536w\" sizes=\"(max-width: 1800px) 100vw, 1800px\" \/><\/figure>\n<\/div>\n<\/section>\n\n\n\n<section class=\"wp-block-group alignfull is-group-section has-blue-100-background-color has-background is-layout-flow wp-block-group-is-layout-flow\" id=\"transparency\" style=\"margin-top:0;margin-right:0;margin-bottom:0;margin-left:0;padding-top:var(--wp--preset--spacing--9);padding-right:0;padding-bottom:var(--wp--preset--spacing--9);padding-left:0\">\n<div class=\"wp-block-group alignwide is-group-container aligncenter container is-layout-flow wp-block-group-is-layout-flow\" style=\"margin-top:0;margin-right:auto;margin-bottom:0;margin-left:auto;padding-top:0;padding-right:var(--wp--custom--container-padding);padding-bottom:0;padding-left:var(--wp--custom--container-padding)\">\n<div class=\"wp-block-group max-w-xl\n            mx-auto is-layout-flow wp-container-core-group-is-layout-50edc9b5 wp-block-group-is-layout-flow\">\n<h2 class=\"wp-block-heading has-text-align-center\">Transparence et conformit\u00e9<\/h2>\n\n\n\n<p class=\"has-text-align-center has-dark-color has-text-color has-link-color wp-elements-dedd39fbbbb87ea1d71a0f6f11632a3a\">Nous croyons en la transparence totale de notre impact sur l&rsquo;environnement. Nous nous engageons non seulement \u00e0 respecter, mais aussi \u00e0 d\u00e9passer les normes de qualit\u00e9 de l&rsquo;air et les autres normes environnementales dans le cadre de nos activit\u00e9s. Notre documentation et nos autorisations d\u00e9taill\u00e9es d\u00e9crivent nos pratiques rigoureuses en mati\u00e8re de gestion des \u00e9missions et de respect des r\u00e9glementations environnementales.<\/p>\n\n\n\n<div class=\"wp-block-buttons is-content-justification-center is-layout-flex wp-container-core-buttons-is-layout-6215b6ce wp-block-buttons-is-layout-flex\" style=\"margin-top:var(--wp--preset--spacing--6)\">\n<div class=\"wp-block-button is-style-default\" id=\"transparency\"><a class=\"wp-block-button__link wp-element-button\" href=\"https:\/\/arbiosbiotech.com\/fr\/reinvention-des-ressources\/chuntoh-ghuna\/#permitting\">Ressources et documentation<\/a><\/div>\n<\/div>\n<\/div>\n<\/div>\n<\/section>\n\n\n\n<section class=\"wp-block-group alignfull is-group-section is-style-gradient has-white-color has-text-color has-link-color wp-elements-734ddbbcc1ccaa9fb18db53d95b86423 is-layout-flow wp-block-group-is-layout-flow has-background\" id=\"act\" style=\"margin-top:0;margin-right:0;margin-bottom:0;margin-left:0;padding-top:var(--wp--preset--spacing--10);padding-right:0;padding-bottom:var(--wp--preset--spacing--10);padding-left:0;background-image:url(&apos;http:\/\/arbiosbiotech.com\/wp-content\/uploads\/ArbiosBiotech-66-47-1.jpg&apos;);background-position:63% 22%;background-size:cover;\">\n<div class=\"wp-block-group alignwide is-group-container aligncenter container is-layout-flow wp-block-group-is-layout-flow\" style=\"margin-top:0;margin-right:auto;margin-bottom:0;margin-left:auto;padding-top:0;padding-right:var(--wp--custom--container-padding);padding-bottom:0;padding-left:var(--wp--custom--container-padding)\">\n<div class=\"wp-block-group max-w-md has-global-padding is-content-justification-left is-layout-constrained wp-container-core-group-is-layout-12dd3699 wp-block-group-is-layout-constrained\">\n<h2 class=\"wp-block-heading\">Vous avez une question ou souhaitez partager votre opinion ?<\/h2>\n\n\n\n<p class=\"\">Nous accordons de l&rsquo;importance \u00e0 votre voix. Faites-nous part de vos questions et de vos pr\u00e9occupations afin de contribuer \u00e0 fa\u00e7onner l&rsquo;avenir de notre communaut\u00e9. Votre contribution est importante dans le cadre de notre engagement en faveur de la transparence.<\/p>\n\n\n\n<div class=\"wp-block-buttons is-layout-flex wp-block-buttons-is-layout-flex\">\n<div class=\"wp-block-button is-style-default\"><a class=\"wp-block-button__link has-dark-color has-white-background-color has-text-color has-background has-border-color has-white-border-color wp-element-button\" href=\"https:\/\/arbiosbiotech.com\/about\/ask-arbios\/\">Demander \u00e0 Arbios<\/a><\/div>\n<\/div>\n<\/div>\n<\/div>\n<\/section>\n","protected":false},"excerpt":{"rendered":"<p>Votre contenu est plac\u00e9 ici. Remplacez ce texte par le contenu de votre article.<\/p>\n","protected":false},"author":2,"featured_media":0,"parent":0,"menu_order":0,"comment_status":"closed","ping_status":"closed","template":"","meta":{"_acf_changed":false,"jormi_team_member_description":"","jormi_team_member_position":"","jormi_team_member_image_url":"https:\/\/arbiosbiotech.com\/wp-content\/themes\/jormi\/assets\/images\/sample_800x800.jpg","jormi_team_member_image_alt":"Photo Alt","jormi_event_description":"","header_tags":"","footer_tags":"","custom_email":"","custom_phone":"","faq_items":"","footnotes":""},"class_list":["post-4971","page","type-page","status-publish","hentry"],"acf":[],"_links":{"self":[{"href":"https:\/\/arbiosbiotech.com\/fr\/wp-json\/wp\/v2\/pages\/4971","targetHints":{"allow":["GET"]}}],"collection":[{"href":"https:\/\/arbiosbiotech.com\/fr\/wp-json\/wp\/v2\/pages"}],"about":[{"href":"https:\/\/arbiosbiotech.com\/fr\/wp-json\/wp\/v2\/types\/page"}],"author":[{"embeddable":true,"href":"https:\/\/arbiosbiotech.com\/fr\/wp-json\/wp\/v2\/users\/2"}],"replies":[{"embeddable":true,"href":"https:\/\/arbiosbiotech.com\/fr\/wp-json\/wp\/v2\/comments?post=4971"}],"version-history":[{"count":0,"href":"https:\/\/arbiosbiotech.com\/fr\/wp-json\/wp\/v2\/pages\/4971\/revisions"}],"wp:attachment":[{"href":"https:\/\/arbiosbiotech.com\/fr\/wp-json\/wp\/v2\/media?parent=4971"}],"curies":[{"name":"wp","href":"https:\/\/api.w.org\/{rel}","templated":true}]}}