{"id":5461,"date":"2024-11-19T22:02:47","date_gmt":"2024-11-20T06:02:47","guid":{"rendered":"https:\/\/arbiosbiotech.com\/economia-circular-e-ciclo-de-carbono\/"},"modified":"2025-04-02T17:50:02","modified_gmt":"2025-04-03T00:50:02","slug":"economia-circular-e-ciclo-de-carbono","status":"publish","type":"page","link":"https:\/\/arbiosbiotech.com\/pt-br\/sustentabilidade\/economia-circular-e-ciclo-de-carbono\/","title":{"rendered":"Economia circular e ciclo de carbono"},"content":{"rendered":"\n    <header style=\"max-width: none !important;\" class=\"wp-block-jormi-blocks-hero relative z-[1] max-w-none overflow-hidden hero-minimal alignfull wp-block-jormi-blocks-hero has-text-color has-white-color has-background has-dark-background-color\">\n        <div class=\"container pt-hh relative z-[2] min-h-[80vh] flex items-end\">\n            <div class=\"max-w-lg pt-8 pb-8\">\n                \n<div class=\"wp-block-group is-vertical is-layout-flex wp-container-core-group-is-layout-46ad5e2c wp-block-group-is-layout-flex\">\n<h1 class=\"wp-block-heading has-4-xl-font-size hide-me fade-me move-me-up quicker\" style=\"font-style:normal;font-weight:400\">Inovando para a sustentabilidade<\/h1>\n\n\n\n<div class=\"wp-block-group max-w-md is-layout-flow wp-container-core-group-is-layout-2915da19 wp-block-group-is-layout-flow\">\n<p class=\"has-lg-font-size\">A economia circular come\u00e7a aqui<\/p>\n\n\n\n<p class=\"\">Imagine um mundo em que os res\u00edduos se tornem um recurso valioso. Nossa abordagem revolucion\u00e1ria est\u00e1 ativamente alimentando possibilidades sustent\u00e1veis e impulsionando o crescimento econ\u00f4mico em um futuro mais limpo e sem res\u00edduos. <\/p>\n<\/div>\n<\/div>\n            <\/div>\n        <\/div>\n                    <div class=\"absolute top-0 left-0 w-full h-1\/4 opacity-50 bg-gradient-to-b from-black via-40% via-black\/80 to-black\/0 z-[1]\"><\/div>\n            <div class=\"absolute bottom-0 left-0 w-full h-3\/4 lg:h-1\/2 bg-gradient-to-t from-black via-60% via-black\/80 to-black\/0 z-[1]\"><\/div>\n            <img decoding=\"async\" src=\"https:\/\/spcdn.shortpixel.ai\/spio\/ret_img,q_cdnize,to_webp,s_webp\/arbiosbiotech.com\/wp-content\/uploads\/AdobeStock_1094449689-scaled.jpeg\" alt=\"Impressive structure on the Greenlandic ice cap during overnight expedition. Waves out of blue ice.\" style=\"object-position:  \" class=\"no-lazy w-full h-full object-cover object-center z-[0] absolute top-0 left-0\">\n            <\/header>\n\n\n\n<section class=\"wp-block-group alignfull is-group-section has-white-color has-black-background-color has-text-color has-background has-link-color wp-elements-5db3642c28b5179ac522510aea2855d6 is-layout-flow wp-block-group-is-layout-flow\" style=\"margin-top:0;margin-right:0;margin-bottom:0;margin-left:0;padding-top:0;padding-right:0;padding-bottom:var(--wp--preset--spacing--8);padding-left:0\">\n<div class=\"wp-block-group alignwide is-group-container aligncenter container is-layout-flow wp-block-group-is-layout-flow\" style=\"margin-top:0;margin-right:auto;margin-bottom:0;margin-left:auto;padding-top:0;padding-right:var(--wp--custom--container-padding);padding-bottom:0;padding-left:var(--wp--custom--container-padding)\">\n<div class=\"relative wp-block-jormi-blocks-immersive-section\" data-variant=\"circular\">\n\n    \n        <div class=\"timeline row pt-7 md:pt-8 lg:pt-9\">\n            <div class=\"timeline-photo relative hidden md:block col md:w-5\/12 pt-11\">\n                                    <div class=\"md:min-h-[75vh] timeline-element\">\n                                                <div class=\"timeline-photo timeline-photo\">\n                            <figure class=\"rounded-full overflow-hidden ring-blue-900 ring-[1.25rem] lg:ring-[2rem] relative z-[1] w-[90%] h-auto mx-auto aspect-square\">\n                                <img decoding=\"async\" src=\"\" class=\"w-full h-full object-cover object-center relative z-[0]\" alt=\"\" \/>\n                                <div class=\"opacity-60 absolute w-1\/2 h-full z-[1] top-0 right-0 bg-gradient-to-l from-black via-black\/70 to-black\/0\"><\/div>\n                            <\/figure>\n                        <\/div>\n                    <\/div>\n                                                        <div class=\"md:min-h-[75vh] timeline-element\">\n                                                <div class=\"timeline-photo timeline-photo1\">\n                            <figure class=\"rounded-full overflow-hidden ring-blue-900 ring-[1.25rem] lg:ring-[2rem] relative z-[1] w-[90%] h-auto mx-auto aspect-square\">\n                                <img decoding=\"async\" src=\"https:\/\/spcdn.shortpixel.ai\/spio\/ret_img,q_cdnize,to_webp,s_webp\/arbiosbiotech.com\/wp-content\/uploads\/ArbiosBiotech-66-35-1-500x500.jpg\" class=\"w-full h-full object-cover object-center relative z-[0]\" alt=\"\" \/>\n                                <div class=\"opacity-60 absolute w-1\/2 h-full z-[1] top-0 right-0 bg-gradient-to-l from-black via-black\/70 to-black\/0\"><\/div>\n                            <\/figure>\n                        <\/div>\n                    <\/div>\n                                                        <div class=\"md:min-h-[75vh] timeline-element\">\n                                                <div class=\"timeline-photo timeline-photo2\">\n                            <figure class=\"rounded-full overflow-hidden ring-blue-900 ring-[1.25rem] lg:ring-[2rem] relative z-[1] w-[90%] h-auto mx-auto aspect-square\">\n                                <img decoding=\"async\" src=\"https:\/\/spcdn.shortpixel.ai\/spio\/ret_img,q_cdnize,to_webp,s_webp\/arbiosbiotech.com\/wp-content\/uploads\/alexander-mils-mKYBEkbZJTI-unsplash-750x750.jpg\" class=\"w-full h-full object-cover object-center relative z-[0]\" alt=\"\" \/>\n                                <div class=\"opacity-60 absolute w-1\/2 h-full z-[1] top-0 right-0 bg-gradient-to-l from-black via-black\/70 to-black\/0\"><\/div>\n                            <\/figure>\n                        <\/div>\n                    <\/div>\n                                                        <div class=\"md:min-h-[75vh] timeline-element\">\n                                                <div class=\"timeline-photo timeline-photo3\">\n                            <figure class=\"rounded-full overflow-hidden ring-blue-900 ring-[1.25rem] lg:ring-[2rem] relative z-[1] w-[90%] h-auto mx-auto aspect-square\">\n                                <img decoding=\"async\" src=\"https:\/\/spcdn.shortpixel.ai\/spio\/ret_img,q_cdnize,to_webp,s_webp\/arbiosbiotech.com\/wp-content\/uploads\/george-c-woFRHs7iP_o-unsplash-500x500.jpg\" class=\"w-full h-full object-cover object-center relative z-[0]\" alt=\"\" \/>\n                                <div class=\"opacity-60 absolute w-1\/2 h-full z-[1] top-0 right-0 bg-gradient-to-l from-black via-black\/70 to-black\/0\"><\/div>\n                            <\/figure>\n                        <\/div>\n                    <\/div>\n                                                    <div class=\"bg-yellow w-[1px] h-full absolute top-0 left-1\/2 -translate-x-1\/2 z-[0]\"><\/div>\n            <\/div>\n            <div class=\"timeline-content_container col md:w-6\/12 md:pr-5 lg:pr-7 flex flex-col gap-6 lg:gap-0 relative z-[2]\">\n                                                                        <div class=\"timeline-content timeline-content1 md:min-h-[75vh] timeline-element pt-9 lg:pt-12\">\n                        <div class=\"flex flex-col justify-center\">\n                            <figure class=\"rounded-full overflow-hidden ring-blue-900 ring-[1.25rem] lg:ring-[2rem] relative z-[1] w-1\/2 h-auto mx-auto aspect-square rounded md:hidden\">\n                                <img decoding=\"async\" src=\"\" class=\"timeline-photo1 w-full h-full object-cover object-center relative z-[0]\" alt=\"\" \/>\n                            <\/figure>\n                            <h3 class=\"!mt-8 lg:-ml-9 !mb-6\">\n                                Aproveitando recursos inexplorados para um futuro mais limpo                            <\/h3>\n                            <div class=\"lg:pl-6\">\n                                \n<p class=\"\">Capturamos biomassa residual destinada a aterros sanit\u00e1rios, incinera\u00e7\u00e3o ou decomposi\u00e7\u00e3o. Ao fazer isso, evitamos as emiss\u00f5es de GEE associadas e liberamos o potencial desses recursos de carbono. Nosso processo transforma essa biomassa negligenciada em um biointermedi\u00e1rio vers\u00e1til, contribuindo ativamente para a descarboniza\u00e7\u00e3o da nossa economia.  <\/p>\n                            <\/div>\n                        <\/div>\n                    <\/div>\n                                                                            <div class=\"timeline-content timeline-content2 md:min-h-[75vh] timeline-element pt-9 lg:pt-12\">\n                        <div class=\"flex flex-col justify-center\">\n                            <figure class=\"rounded-full overflow-hidden ring-blue-900 ring-[1.25rem] lg:ring-[2rem] relative z-[1] w-1\/2 h-auto mx-auto aspect-square rounded md:hidden\">\n                                <img decoding=\"async\" src=\"https:\/\/spcdn.shortpixel.ai\/spio\/ret_img,q_cdnize,to_webp,s_webp\/arbiosbiotech.com\/wp-content\/uploads\/ArbiosBiotech-66-35-1-500x500.jpg\" class=\"timeline-photo1 w-full h-full object-cover object-center relative z-[0]\" alt=\"\" \/>\n                            <\/figure>\n                            <h3 class=\"!mt-8 lg:-ml-9 !mb-6\">\n                                Tecnologia HTL para um futuro l\u00edquido zero                            <\/h3>\n                            <div class=\"lg:pl-6\">\n                                \n<p class=\"\">Nosso processo de liquefa\u00e7\u00e3o hidrot\u00e9rmica (HTL) transforma biomassa subutilizada em bio-\u00f3leo avan\u00e7ado, um intermedi\u00e1rio vers\u00e1til para biocombust\u00edveis e bioqu\u00edmicos. Essa abordagem inovadora permite a produ\u00e7\u00e3o de biocombust\u00edveis renov\u00e1veis com baixo teor de carbono, o que nos leva a alcan\u00e7ar nossa vis\u00e3o de zero l\u00edquido e as metas globais de redu\u00e7\u00e3o de emiss\u00f5es. <\/p>\n                            <\/div>\n                        <\/div>\n                    <\/div>\n                                                                            <div class=\"timeline-content timeline-content3 md:min-h-[75vh] timeline-element pt-9 lg:pt-12\">\n                        <div class=\"flex flex-col justify-center\">\n                            <figure class=\"rounded-full overflow-hidden ring-blue-900 ring-[1.25rem] lg:ring-[2rem] relative z-[1] w-1\/2 h-auto mx-auto aspect-square rounded md:hidden\">\n                                <img decoding=\"async\" src=\"https:\/\/spcdn.shortpixel.ai\/spio\/ret_img,q_cdnize,to_webp,s_webp\/arbiosbiotech.com\/wp-content\/uploads\/alexander-mils-mKYBEkbZJTI-unsplash-750x750.jpg\" class=\"timeline-photo1 w-full h-full object-cover object-center relative z-[0]\" alt=\"\" \/>\n                            <\/figure>\n                            <h3 class=\"!mt-8 lg:-ml-9 !mb-6\">\n                                Alimentando setores dif\u00edceis de reduzir com infraestrutura existente                            <\/h3>\n                            <div class=\"lg:pl-6\">\n                                \n<p class=\"\">Nosso bio-\u00f3leo pode ser processado em opera\u00e7\u00f5es de refinaria e sistemas de combust\u00edvel de transporte existentes, oferecendo uma pegada de carbono menor em toda a cadeia de valor. Essa compatibilidade com a infraestrutura atual permite a ado\u00e7\u00e3o imediata na avia\u00e7\u00e3o, na fabrica\u00e7\u00e3o de produtos qu\u00edmicos e em outros setores dif\u00edceis de descarbonizar. <\/p>\n                            <\/div>\n                        <\/div>\n                    <\/div>\n                                                                            <div class=\"timeline-content timeline-content4 md:min-h-[75vh] timeline-element pt-9 lg:pt-12\">\n                        <div class=\"flex flex-col justify-center\">\n                            <figure class=\"rounded-full overflow-hidden ring-blue-900 ring-[1.25rem] lg:ring-[2rem] relative z-[1] w-1\/2 h-auto mx-auto aspect-square rounded md:hidden\">\n                                <img decoding=\"async\" src=\"https:\/\/spcdn.shortpixel.ai\/spio\/ret_img,q_cdnize,to_webp,s_webp\/arbiosbiotech.com\/wp-content\/uploads\/george-c-woFRHs7iP_o-unsplash-500x500.jpg\" class=\"timeline-photo1 w-full h-full object-cover object-center relative z-[0]\" alt=\"\" \/>\n                            <\/figure>\n                            <h3 class=\"!mt-8 lg:-ml-9 !mb-6\">\n                                Aproveitando o ciclo de carbono da natureza: prevenindo carbono atmosf\u00e9rico adicional                            <\/h3>\n                            <div class=\"lg:pl-6\">\n                                \n<p class=\"\">Utilizamos res\u00edduos de biomassa renov\u00e1vel que j\u00e1 capturaram carbono por meio do crescimento natural, ajudando a evitar emiss\u00f5es adicionais de carbono f\u00f3ssil e promovendo o gerenciamento respons\u00e1vel de recursos.<\/p>\n                            <\/div>\n                        <\/div>\n                    <\/div>\n                                                <\/div>\n        <\/div>\n\n    \n<\/div><\/div>\n<\/section>\n\n\n\n<section class=\"wp-block-group alignfull is-group-section has-dark-background-color has-background is-layout-flow wp-block-group-is-layout-flow\" style=\"margin-top:0;margin-right:0;margin-bottom:0;margin-left:0;padding-top:0;padding-right:0;padding-bottom:0;padding-left:0\"><\/section>\n\n\n\n<section class=\"wp-block-group alignfull is-group-section is-style-gradient has-white-color has-text-color has-link-color wp-elements-bbf95ec19ee48f8aa60444f6bf58ab0a is-layout-flow wp-block-group-is-layout-flow has-background\" style=\"margin-top:0;margin-right:0;margin-bottom:0;margin-left:0;padding-top:var(--wp--preset--spacing--10);padding-right:0;padding-bottom:var(--wp--preset--spacing--10);padding-left:0;background-image:url(&apos;http:\/\/arbiosbiotech.com\/wp-content\/uploads\/IMG_0006-scaled.jpg&apos;);background-size:cover;\">\n<div class=\"wp-block-group alignwide is-group-container aligncenter container is-layout-flow wp-block-group-is-layout-flow\" style=\"margin-top:0;margin-right:auto;margin-bottom:0;margin-left:auto;padding-top:0;padding-right:var(--wp--custom--container-padding);padding-bottom:0;padding-left:var(--wp--custom--container-padding)\">\n<div class=\"wp-block-group max-w-lg is-layout-flow wp-block-group-is-layout-flow\">\n<h3 class=\"wp-block-heading has-text-align-left\">Iniciativa CICE SAF<\/h3>\n\n\n\n<p class=\"\">Essa parceria vision\u00e1ria, orientada pela lideran\u00e7a ind\u00edgena, est\u00e1 explorando novas fronteiras em energia sustent\u00e1vel, estabelecendo um exemplo poderoso de coopera\u00e7\u00e3o entre o setor e a comunidade na transi\u00e7\u00e3o para um futuro mais verde. A Lheidli T&#8217;enneh First Nation est\u00e1 liderando o caminho para a utiliza\u00e7\u00e3o respons\u00e1vel de recursos florestais, liderando uma colabora\u00e7\u00e3o inovadora com a Arbios, a Canfor e a LTN Contracting. <\/p>\n\n\n\n<div class=\"wp-block-buttons is-layout-flex wp-block-buttons-is-layout-flex\">\n<div class=\"wp-block-button is-style-default\"><a class=\"wp-block-button__link has-dark-color has-white-background-color has-text-color has-background wp-element-button\" href=\"https:\/\/arbiosbiotech.com\/pt-br\/pessoas-e-comunidade\/relacoes-indigenas\/#cice\">Saiba mais<\/a><\/div>\n<\/div>\n<\/div>\n<\/div>\n<\/section>\n\n\n\n<section class=\"wp-block-group alignfull is-group-section is-layout-flow wp-block-group-is-layout-flow\" style=\"margin-top:0;margin-right:0;margin-bottom:0;margin-left:0;padding-top:var(--wp--preset--spacing--9);padding-right:0;padding-bottom:var(--wp--preset--spacing--9);padding-left:0\">\n<div class=\"wp-block-group alignwide is-group-container aligncenter container is-layout-flow wp-container-core-group-is-layout-28881ab8 wp-block-group-is-layout-flow\" style=\"margin-top:0;margin-right:auto;margin-bottom:0;margin-left:auto;padding-top:0;padding-right:var(--wp--custom--container-padding);padding-bottom:0;padding-left:var(--wp--custom--container-padding)\">\n<div class=\"wp-block-media-text has-media-on-the-right is-stacked-on-mobile is-image-fill-element\"><div class=\"wp-block-media-text__content\">\n<h2 class=\"wp-block-heading\">O que \u00e9 uma economia circular?<\/h2>\n\n\n\n<p class=\"\">Nosso modelo de economia circular maximiza a efici\u00eancia dos recursos ao substituir os sistemas tradicionais de &#8220;pegar, fazer e descartar&#8221; por pr\u00e1ticas regenerativas. Por meio de iniciativas de reutiliza\u00e7\u00e3o e reciclagem, transformamos res\u00edduos em materiais valiosos, impulsionando a inova\u00e7\u00e3o e o crescimento sustent\u00e1vel dos neg\u00f3cios. <\/p>\n\n\n\n<div class=\"wp-block-buttons is-layout-flex wp-block-buttons-is-layout-flex\">\n<div class=\"wp-block-button is-style-default\"><a class=\"wp-block-button__link wp-element-button\" href=\"https:\/\/arbiosbiotech.com\/pt-br\/sustentabilidade\/economia-circular-e-ciclo-de-carbono\/\">Nossos objetivos<\/a><\/div>\n\n\n\n<div class=\"wp-block-button has-custom-font-size is-small-button is-style-link is-style-link--1\" style=\"font-size:clamp(0.875rem, 0.875rem + ((1vw - 0.2rem) * 0.161), 1rem);line-height:var(--wp--custom--line-height-base)\"><a class=\"wp-block-button__link wp-element-button\" href=\"https:\/\/arbiosbiotech.com\/pt-br\/pessoas-e-comunidade\/\" style=\"border-radius:var(--wp--custom--border-radius-full);padding-top:1rem;padding-right:2rem;padding-bottom:1rem;padding-left:2rem\">Como estamos impactando nossa comunidade<\/a><\/div>\n<\/div>\n<\/div><figure class=\"wp-block-media-text__media\"><img decoding=\"async\" width=\"1799\" height=\"1200\" src=\"http:\/\/arbiosbiotech.com\/wp-content\/uploads\/ArbiosBiotech-57.jpg\" alt=\"\" class=\"wp-image-3408 size-full\" style=\"object-position:50% 50%\" srcset=\"https:\/\/arbiosbiotech.com\/wp-content\/uploads\/ArbiosBiotech-57.jpg 1799w, https:\/\/arbiosbiotech.com\/wp-content\/uploads\/ArbiosBiotech-57-1024x683.jpg 1024w, https:\/\/arbiosbiotech.com\/wp-content\/uploads\/ArbiosBiotech-57-768x512.jpg 768w, https:\/\/arbiosbiotech.com\/wp-content\/uploads\/ArbiosBiotech-57-1536x1025.jpg 1536w\" sizes=\"(max-width: 1799px) 100vw, 1799px\" \/><\/figure><\/div>\n\n\n\n<div class=\"wp-block-media-text is-stacked-on-mobile is-image-fill-element\"><figure class=\"wp-block-media-text__media\"><img decoding=\"async\" width=\"683\" height=\"1024\" src=\"https:\/\/arbiosbiotech.com\/wp-content\/uploads\/ArbiosBiotech-66-32-683x1024.jpg\" alt=\"\" class=\"wp-image-3449 size-medium\" style=\"object-position:50% 50%\" srcset=\"https:\/\/arbiosbiotech.com\/wp-content\/uploads\/ArbiosBiotech-66-32-683x1024.jpg 683w, https:\/\/arbiosbiotech.com\/wp-content\/uploads\/ArbiosBiotech-66-32-768x1151.jpg 768w, https:\/\/arbiosbiotech.com\/wp-content\/uploads\/ArbiosBiotech-66-32-1025x1536.jpg 1025w, https:\/\/arbiosbiotech.com\/wp-content\/uploads\/ArbiosBiotech-66-32.jpg 1200w\" sizes=\"(max-width: 683px) 100vw, 683px\" \/><\/figure><div class=\"wp-block-media-text__content\">\n<h2 class=\"wp-block-heading\">Ajude-nos a causar um impacto positivo<\/h2>\n\n\n\n<p class=\"\">Voc\u00ea est\u00e1 pronto para fazer uma diferen\u00e7a real? Junte-se \u00e0 nossa equipe e fa\u00e7a parte da cria\u00e7\u00e3o de um futuro mais sustent\u00e1vel. Confira nossas oportunidades de carreira e veja como voc\u00ea pode contribuir para transformar res\u00edduos em recursos valiosos e, ao mesmo tempo, promover solu\u00e7\u00f5es de baixo carbono  <\/p>\n\n\n\n<div class=\"wp-block-buttons is-layout-flex wp-block-buttons-is-layout-flex\">\n<div class=\"wp-block-button is-style-default\"><a class=\"wp-block-button__link wp-element-button\" href=\"https:\/\/arbiosbiotech.com\/pt-br\/pessoas-e-comunidade\/carreiras\/\">Carreiras na Arbios<\/a><\/div>\n\n\n\n<div class=\"wp-block-button has-custom-font-size is-small-button is-style-link is-style-link--2\" style=\"font-size:clamp(0.875rem, 0.875rem + ((1vw - 0.2rem) * 0.161), 1rem);line-height:var(--wp--custom--line-height-base)\"><a class=\"wp-block-button__link wp-element-button\" href=\"https:\/\/arbiosbiotech.com\/pt-br\/pessoas-e-comunidade\/\" style=\"border-radius:var(--wp--custom--border-radius-full);padding-top:1rem;padding-right:2rem;padding-bottom:1rem;padding-left:2rem\">Nossa cultura<\/a><\/div>\n<\/div>\n<\/div><\/div>\n<\/div>\n<\/section>\n\n\n\n<section class=\"wp-block-group alignfull is-group-section is-style-gradient has-white-color has-text-color has-link-color wp-elements-a2629f5ca65e00276ba2e581b2bed5f6 is-layout-flow wp-block-group-is-layout-flow has-background\" style=\"margin-top:0;margin-right:0;margin-bottom:0;margin-left:0;padding-top:var(--wp--preset--spacing--10);padding-right:0;padding-bottom:var(--wp--preset--spacing--10);padding-left:0;background-image:url(&apos;https:\/\/arbiosbiotech.com\/wp-content\/uploads\/AdobeStock_610246240-scaled.jpg&apos;);background-position:70% 33%;background-size:cover;\">\n<div class=\"wp-block-group alignwide is-group-container aligncenter container is-layout-flow wp-block-group-is-layout-flow\" style=\"margin-top:0;margin-right:auto;margin-bottom:0;margin-left:auto;padding-top:0;padding-right:var(--wp--custom--container-padding);padding-bottom:0;padding-left:var(--wp--custom--container-padding)\">\n<div class=\"wp-block-group max-w-md has-global-padding is-content-justification-left is-layout-constrained wp-container-core-group-is-layout-12dd3699 wp-block-group-is-layout-constrained\">\n<h2 class=\"wp-block-heading\">Voc\u00ea tem alguma d\u00favida ou deseja compartilhar sua opini\u00e3o?<\/h2>\n\n\n\n<p class=\"\">Valorizamos a voz de voc\u00eas. Compartilhe conosco suas d\u00favidas e preocupa\u00e7\u00f5es para ajudar a moldar o futuro da nossa comunidade. Sua opini\u00e3o \u00e9 importante em nosso compromisso com a transpar\u00eancia.  <\/p>\n\n\n\n<div class=\"wp-block-buttons is-layout-flex wp-block-buttons-is-layout-flex\">\n<div class=\"wp-block-button is-style-default\"><a class=\"wp-block-button__link has-dark-color has-white-background-color has-text-color has-background has-border-color has-white-border-color wp-element-button\" href=\"https:\/\/arbiosbiotech.com\/pt-br\/quem-somos\/pergunte-a-arbios\/\">Pergunte a Arbios<\/a><\/div>\n<\/div>\n<\/div>\n<\/div>\n<\/section>\n","protected":false},"excerpt":{"rendered":"<p>Imagine um mundo em que os res\u00edduos se tornem um recurso valioso. Nossa abordagem revolucion\u00e1ria est\u00e1 ativamente&#8230; <\/p>\n","protected":false},"author":2,"featured_media":0,"parent":5733,"menu_order":0,"comment_status":"closed","ping_status":"closed","template":"","meta":{"_acf_changed":false,"jormi_team_member_description":"","jormi_team_member_position":"","jormi_team_member_image_url":"https:\/\/arbiosbiotech.com\/wp-content\/themes\/jormi\/assets\/images\/sample_800x800.jpg","jormi_team_member_image_alt":"Photo Alt","jormi_event_description":"","header_tags":"","footer_tags":"","custom_email":"","custom_phone":"","faq_items":"","footnotes":""},"class_list":["post-5461","page","type-page","status-publish","hentry"],"acf":[],"_links":{"self":[{"href":"https:\/\/arbiosbiotech.com\/pt-br\/wp-json\/wp\/v2\/pages\/5461","targetHints":{"allow":["GET"]}}],"collection":[{"href":"https:\/\/arbiosbiotech.com\/pt-br\/wp-json\/wp\/v2\/pages"}],"about":[{"href":"https:\/\/arbiosbiotech.com\/pt-br\/wp-json\/wp\/v2\/types\/page"}],"author":[{"embeddable":true,"href":"https:\/\/arbiosbiotech.com\/pt-br\/wp-json\/wp\/v2\/users\/2"}],"replies":[{"embeddable":true,"href":"https:\/\/arbiosbiotech.com\/pt-br\/wp-json\/wp\/v2\/comments?post=5461"}],"version-history":[{"count":0,"href":"https:\/\/arbiosbiotech.com\/pt-br\/wp-json\/wp\/v2\/pages\/5461\/revisions"}],"up":[{"embeddable":true,"href":"https:\/\/arbiosbiotech.com\/pt-br\/wp-json\/wp\/v2\/pages\/5733"}],"wp:attachment":[{"href":"https:\/\/arbiosbiotech.com\/pt-br\/wp-json\/wp\/v2\/media?parent=5461"}],"curies":[{"name":"wp","href":"https:\/\/api.w.org\/{rel}","templated":true}]}}