{"id":5860,"date":"2024-10-21T20:51:53","date_gmt":"2024-10-22T03:51:53","guid":{"rendered":"https:\/\/arbiosbiotech.com\/politica-de-privacidade\/"},"modified":"2025-03-05T12:03:22","modified_gmt":"2025-03-05T20:03:22","slug":"politica-de-privacidade","status":"publish","type":"page","link":"https:\/\/arbiosbiotech.com\/pt-br\/politica-de-privacidade\/","title":{"rendered":"Pol\u00edtica de privacidade"},"content":{"rendered":"\n<div class=\"wp-block-group is-layout-flow wp-block-group-is-layout-flow\" style=\"padding-top:var(--wp--preset--spacing--11);padding-bottom:var(--wp--preset--spacing--6)\">\n<h1 class=\"wp-block-heading\">Pol\u00edtica de privacidade<\/h1>\n<\/div>\n\n<div class=\"wp-block-group has-global-padding is-layout-constrained wp-block-group-is-layout-constrained\" style=\"margin-bottom:var(--wp--preset--spacing--7)\">\n<h2 class=\"wp-block-heading\">Escopo<\/h2>\n\n\n\n<p class=\"\">Esta \u00e9 uma declara\u00e7\u00e3o das pr\u00e1ticas de privacidade aplic\u00e1veis \u00e0 Arbios Biotech (&#8220;Arbios&#8221;), suas subsidi\u00e1rias e descreve como coletamos, usamos e divulgamos informa\u00e7\u00f5es pessoais de nossos clientes, usu\u00e1rios do site e outros indiv\u00edduos em nosso site.<\/p>\n\n\n\n<p class=\"\">Nesta declara\u00e7\u00e3o, as refer\u00eancias a &#8220;Arbios&#8221;, &#8220;n\u00f3s&#8221; e &#8220;nosso&#8221; e refer\u00eancias semelhantes podem incluir &#8211; ou se referir apenas a &#8211; Arbios ou uma ou mais subsidi\u00e1rias.<\/p>\n\n\n\n<h2 class=\"wp-block-heading\">Informa\u00e7\u00f5es pessoais<\/h2>\n\n\n\n<p class=\"\">Informa\u00e7\u00f5es pessoais s\u00e3o quaisquer informa\u00e7\u00f5es sobre um indiv\u00edduo identific\u00e1vel ou que permitam a identifica\u00e7\u00e3o de um indiv\u00edduo, como suas informa\u00e7\u00f5es pessoais de contato (por exemplo, nome, endere\u00e7o postal, n\u00famero de telefone e e-mail) e seu endere\u00e7o IP, mas n\u00e3o incluem informa\u00e7\u00f5es de contato comercial ou outras informa\u00e7\u00f5es n\u00e3o pessoais, como o tipo de navegador que voc\u00ea est\u00e1 usando ou o URL de refer\u00eancia.<\/p>\n\n\n\n<h2 class=\"wp-block-heading\">Nosso compromisso<\/h2>\n\n\n\n<p class=\"\">A Arbios tem o compromisso de proteger a privacidade e a seguran\u00e7a das informa\u00e7\u00f5es pessoais dos indiv\u00edduos com os quais interagimos, de acordo com a legisla\u00e7\u00e3o de privacidade aplic\u00e1vel. Respeitar e proteger sua privacidade \u00e9 importante para n\u00f3s e uma prioridade em nosso relacionamento cont\u00ednuo. Desenvolvemos esta pol\u00edtica para definir nossas pr\u00e1ticas de coleta, uso e divulga\u00e7\u00e3o de suas informa\u00e7\u00f5es pessoais.  <\/p>\n\n\n\n<h2 class=\"wp-block-heading\">Consentimento<\/h2>\n\n\n\n<p class=\"\">Coletamos, usamos e divulgamos suas informa\u00e7\u00f5es pessoais com o seu consentimento (que pode ser expresso ou impl\u00edcito) ou conforme exigido ou permitido por lei. Ao nos fornecer suas informa\u00e7\u00f5es pessoais, voc\u00ea concorda com nossa coleta, uso e divulga\u00e7\u00e3o dessas informa\u00e7\u00f5es pessoais de acordo com esta declara\u00e7\u00e3o de pr\u00e1ticas de privacidade. Se esta declara\u00e7\u00e3o de pr\u00e1ticas de privacidade n\u00e3o for aceit\u00e1vel para voc\u00ea, n\u00e3o envie nenhuma de suas informa\u00e7\u00f5es pessoais.  <\/p>\n\n\n\n<p class=\"\">Sujeito a requisitos legais e contratuais e mediante aviso pr\u00e9vio razo\u00e1vel, voc\u00ea pode retirar seu consentimento para a coleta, o uso e a divulga\u00e7\u00e3o de suas informa\u00e7\u00f5es pessoais, inclusive solicitando que seu nome seja removido de nossas listas de marketing por telefone, correio ou e-mail, entrando em contato conosco pelo endere\u00e7o de e-mail fornecido abaixo. Se voc\u00ea recusar ou retirar seu consentimento, talvez n\u00e3o possamos lhe fornecer determinados servi\u00e7os ou informa\u00e7\u00f5es, mas n\u00e3o solicitaremos informa\u00e7\u00f5es pessoais al\u00e9m do que \u00e9 necess\u00e1rio para fornecer esses servi\u00e7os ou informa\u00e7\u00f5es. <\/p>\n\n\n\n<h2 class=\"wp-block-heading\">Natureza da cole\u00e7\u00e3o<\/h2>\n\n\n\n<p class=\"\">Coletamos informa\u00e7\u00f5es pessoais diretamente de voc\u00ea ou de intera\u00e7\u00f5es com voc\u00ea. As informa\u00e7\u00f5es pessoais que coletamos podem incluir informa\u00e7\u00f5es relevantes para o fornecimento de servi\u00e7os ou informa\u00e7\u00f5es a voc\u00ea ou, no caso de contrata\u00e7\u00e3o e emprego, para avali\u00e1-lo para as vagas dispon\u00edveis. Limitamos as informa\u00e7\u00f5es pessoais que coletamos e usamos \u00e0quelas que s\u00e3o necess\u00e1rias para cumprir as finalidades identificadas na pr\u00f3xima se\u00e7\u00e3o abaixo. Exceto conforme estabelecido nesta declara\u00e7\u00e3o de pr\u00e1ticas de privacidade, n\u00e3o coletaremos, venderemos, distribuiremos ou usaremos informa\u00e7\u00f5es pessoais para quaisquer outros fins sem o seu consentimento, conforme exigido por lei ou autorizado pela legisla\u00e7\u00e3o de privacidade aplic\u00e1vel.   <\/p>\n\n\n\n<h2 class=\"wp-block-heading\">Nossos prop\u00f3sitos de coleta e uso<\/h2>\n\n\n\n<p class=\"\">A Arbios coleta e usa suas informa\u00e7\u00f5es pessoais para que possamos realizar uma ou mais das seguintes a\u00e7\u00f5es:<\/p>\n\n\n\n<ul class=\"wp-block-list\">\n<li class=\"\">administrar e atender \u00e0 sua solicita\u00e7\u00e3o espec\u00edfica de informa\u00e7\u00f5es;<\/li>\n\n\n\n<li class=\"\">permitem que nos comuniquemos com voc\u00ea e autentiquemos sua identidade;<\/li>\n\n\n\n<li class=\"\">fornecer suporte para ajudar voc\u00ea com suas d\u00favidas ou reclama\u00e7\u00f5es;<\/li>\n\n\n\n<li class=\"\">detectar e proteger contra fraudes ou erros;<\/li>\n\n\n\n<li class=\"\">administrar programas de doa\u00e7\u00e3o\/patroc\u00ednio baseados na comunidade;<\/li>\n\n\n\n<li class=\"\">administrar o banco de dados e o programa de aplicativos de contrata\u00e7\u00e3o de emprego; e<\/li>\n\n\n\n<li class=\"\">avaliar candidatos para oportunidades de emprego existentes ou futuras na Arbios.<\/li>\n<\/ul>\n\n\n\n<p class=\"\">Se precisarmos de suas informa\u00e7\u00f5es pessoais para qualquer outra finalidade, identificaremos essa finalidade e obteremos seu consentimento.<\/p>\n\n\n\n<h2 class=\"wp-block-heading\">Armazenamento e compartilhamento de informa\u00e7\u00f5es pessoais<\/h2>\n\n\n\n<p class=\"\">A Arbios toma todo o cuidado para garantir que suas informa\u00e7\u00f5es pessoais sejam armazenadas de forma segura. Suas informa\u00e7\u00f5es pessoais s\u00e3o mantidas em sigilo pela Arbios. O acesso a essas informa\u00e7\u00f5es \u00e9 restrito ao pessoal autorizado da Arbios e, a menos que de outra forma exigido ou permitido por lei, s\u00f3 ser\u00e1 divulgado a prestadores de servi\u00e7os terceirizados respons\u00e1veis pela administra\u00e7\u00e3o de nosso banco de dados ou programas ou pelo fornecimento de servi\u00e7os \u00e0 Arbios, desde que esses prestadores de servi\u00e7os usem as informa\u00e7\u00f5es apenas para os fins para os quais foram divulgadas e concordem em manter pol\u00edticas de privacidade consistentes com as da Arbios.  <\/p>\n\n\n\n<p class=\"\">As informa\u00e7\u00f5es pessoais coletadas pela Arbios podem ser usadas, processadas e armazenadas fora do Canad\u00e1 e podem estar sujeitas \u00e0 divulga\u00e7\u00e3o de acordo com as leis de tais jurisdi\u00e7\u00f5es estrangeiras.<\/p>\n\n\n\n<p class=\"\">As informa\u00e7\u00f5es pessoais que voc\u00ea divulgar em uma solicita\u00e7\u00e3o de emprego ser\u00e3o usadas apenas para concluir a avalia\u00e7\u00e3o necess\u00e1ria relacionada ao emprego e n\u00e3o ser\u00e3o usadas para fins de marketing ou outros fins, a menos que solicitemos e recebamos seu consentimento para tal uso.<\/p>\n\n\n\n<h2 class=\"wp-block-heading\">Nossos sites<\/h2>\n\n\n\n<p class=\"\">Usamos v\u00e1rias tecnologias para coletar informa\u00e7\u00f5es n\u00e3o pessoais sobre o uso que voc\u00ea faz de nossos sites. Em particular, usamos: <\/p>\n\n\n\n<ul class=\"wp-block-list\">\n<li class=\"\">cookies (pequenos arquivos colocados no seu navegador por n\u00f3s ou por nossos provedores de servi\u00e7os que facilitam o reconhecimento do seu navegador para permitir o armazenamento de prefer\u00eancias do usu\u00e1rio e informa\u00e7\u00f5es relacionadas);<\/li>\n\n\n\n<li class=\"\">pixel tags (imagens invis\u00edveis colocadas em determinadas p\u00e1ginas de nossos sites com a finalidade de rastrear a atividade nos sites); e<\/li>\n\n\n\n<li class=\"\">registro autom\u00e1tico de dados da sess\u00e3o (informa\u00e7\u00f5es coletadas automaticamente por nossos servidores, como endere\u00e7os IP (Internet Protocol), tipos de navegador, visitas de retorno, p\u00e1ginas de refer\u00eancia e informa\u00e7\u00f5es sobre transa\u00e7\u00f5es).<\/li>\n<\/ul>\n\n\n\n<p class=\"\">Essas tecnologias nos permitem:<\/p>\n\n\n\n<ul class=\"wp-block-list\">\n<li class=\"\">melhorar a funcionalidade de nossos sites (por exemplo, identifica\u00e7\u00e3o de usu\u00e1rio e solicita\u00e7\u00f5es de senha);<\/li>\n\n\n\n<li class=\"\">obter an\u00e1lise estat\u00edstica do tr\u00e1fego do site (por exemplo, quais p\u00e1ginas s\u00e3o mais populares);<\/li>\n\n\n\n<li class=\"\">administrar nossos sites e servidores; e<\/li>\n\n\n\n<li class=\"\">aprimorar a experi\u00eancia do usu\u00e1rio em nossos sites e melhorar nossos servi\u00e7os.<\/li>\n<\/ul>\n\n\n\n<p class=\"\">Voc\u00ea pode aceitar ou recusar cookies. Se voc\u00ea rejeitar nossos cookies ou os cookies de provedores de servi\u00e7os colocados em nosso nome, n\u00e3o poderemos coletar as informa\u00e7\u00f5es sobre sua visita a nossos sites que usamos para fornecer esses cookies e, dessa forma, isso poder\u00e1 afetar seu uso de nossos sites e sua capacidade de acessar determinados recursos do site ou de se envolver em transa\u00e7\u00f5es ou fazer upload de informa\u00e7\u00f5es por meio de nossos sites. <\/p>\n\n\n\n<p class=\"\">Se voc\u00ea preencher um formul\u00e1rio em nossos sites, poderemos vincular, para os fins descritos acima, as informa\u00e7\u00f5es de navega\u00e7\u00e3o associadas aos cookies colocados por n\u00f3s ou para n\u00f3s em seu navegador com suas outras informa\u00e7\u00f5es pessoais sob nosso controle.<\/p>\n\n\n\n<p class=\"\">Para obter mais informa\u00e7\u00f5es sobre o uso de cookies, tags de pixel ou registro de sess\u00e3o, ou sobre o uso de provedores de servi\u00e7os e suas tecnologias em conex\u00e3o com nossos sites no que se refere \u00e0s suas informa\u00e7\u00f5es pessoais, envie um e-mail para o nosso Diretor de Privacidade no endere\u00e7o de e-mail indicado abaixo.<\/p>\n\n\n\n<h2 class=\"wp-block-heading\">Nossos sites e m\u00eddias sociais<\/h2>\n\n\n\n<p class=\"\">Nossos sites t\u00eam links para outros sites ou servi\u00e7os n\u00e3o fornecidos por n\u00f3s, inclusive sites de m\u00eddia social que podemos usar com voc\u00ea. Esses sites ou servi\u00e7os podem ter pr\u00e1ticas e pol\u00edticas de privacidade diferentes das nossas e recomendamos que voc\u00ea analise suas pol\u00edticas de privacidade para determinar se elas s\u00e3o aceit\u00e1veis para voc\u00ea. Embora n\u00e3o sejamos respons\u00e1veis por essas pol\u00edticas e pr\u00e1ticas de privacidade, somos respons\u00e1veis por todas as informa\u00e7\u00f5es pessoais que coletamos, usamos ou divulgamos nesses sites ou servi\u00e7os, de acordo com esta declara\u00e7\u00e3o de pr\u00e1ticas de privacidade.  <\/p>\n\n\n\n<h2 class=\"wp-block-heading\">Acesso, corre\u00e7\u00e3o, consultas e reclama\u00e7\u00f5es<\/h2>\n\n\n\n<p class=\"\">Conforme exigido pela legisla\u00e7\u00e3o de privacidade aplic\u00e1vel, nomeamos um Diretor de Privacidade que \u00e9 respons\u00e1vel pela conformidade com esta pol\u00edtica. Para obter mais informa\u00e7\u00f5es sobre nossas pol\u00edticas e pr\u00e1ticas de privacidade, envie um e-mail para nosso Diretor de Privacidade em info@arbiosbiotech.com, aos cuidados do &#8220;Diretor de Privacidade da Arbios&#8221;. Voc\u00ea tamb\u00e9m pode entrar em contato conosco da mesma forma para solicitar acesso, corrigir ou excluir qualquer uma de suas informa\u00e7\u00f5es pessoais mantidas pela Arbios ou para fazer uma reclama\u00e7\u00e3o sobre nossas pr\u00e1ticas de privacidade.<\/p>\n\n\n\n<h2 class=\"wp-block-heading\">Mudan\u00e7as<\/h2>\n\n\n\n<p class=\"\">A Arbios se reserva o direito de alterar esta declara\u00e7\u00e3o de pr\u00e1ticas de privacidade a qualquer momento, publicando uma nova declara\u00e7\u00e3o. Verifique periodicamente se h\u00e1 altera\u00e7\u00f5es nesta p\u00e1gina. <\/p>\n<\/div>\n","protected":false},"excerpt":{"rendered":"<p>Esta \u00e9 uma declara\u00e7\u00e3o das pr\u00e1ticas de privacidade aplic\u00e1veis \u00e0 Canfor Corporation (&#8220;Canfor&#8221;), suas&#8230;<\/p>\n","protected":false},"author":2,"featured_media":0,"parent":0,"menu_order":0,"comment_status":"closed","ping_status":"open","template":"","meta":{"_acf_changed":false,"jormi_team_member_description":"","jormi_team_member_position":"","jormi_team_member_image_url":"https:\/\/arbiosbiotech.com\/wp-content\/themes\/jormi\/assets\/images\/sample_800x800.jpg","jormi_team_member_image_alt":"Photo Alt","jormi_event_description":"","header_tags":"","footer_tags":"","custom_email":"","custom_phone":"","faq_items":"","footnotes":""},"class_list":["post-5860","page","type-page","status-publish","hentry"],"acf":[],"_links":{"self":[{"href":"https:\/\/arbiosbiotech.com\/pt-br\/wp-json\/wp\/v2\/pages\/5860","targetHints":{"allow":["GET"]}}],"collection":[{"href":"https:\/\/arbiosbiotech.com\/pt-br\/wp-json\/wp\/v2\/pages"}],"about":[{"href":"https:\/\/arbiosbiotech.com\/pt-br\/wp-json\/wp\/v2\/types\/page"}],"author":[{"embeddable":true,"href":"https:\/\/arbiosbiotech.com\/pt-br\/wp-json\/wp\/v2\/users\/2"}],"replies":[{"embeddable":true,"href":"https:\/\/arbiosbiotech.com\/pt-br\/wp-json\/wp\/v2\/comments?post=5860"}],"version-history":[{"count":0,"href":"https:\/\/arbiosbiotech.com\/pt-br\/wp-json\/wp\/v2\/pages\/5860\/revisions"}],"wp:attachment":[{"href":"https:\/\/arbiosbiotech.com\/pt-br\/wp-json\/wp\/v2\/media?parent=5860"}],"curies":[{"name":"wp","href":"https:\/\/api.w.org\/{rel}","templated":true}]}}